{"id":397529,"date":"2026-01-21T04:35:17","date_gmt":"2026-01-21T02:35:17","guid":{"rendered":"https:\/\/maisoncleo.com\/?post_type=product&#038;p=397529"},"modified":"2026-03-19T11:20:25","modified_gmt":"2026-03-19T09:20:25","slug":"soutien-gorge-en-dentelle-fleurie-rouge-bretelles-ecrues-petit-noeud-copy-2","status":"publish","type":"product","link":"https:\/\/maisoncleo.com\/fr\/shop\/soutien-gorge-en-dentelle-fleurie-rouge-bretelles-ecrues-petit-noeud-copy-2\/","title":{"rendered":"Culotte en dentelle fleurie rouge et petit noeud blanc"},"content":{"rendered":"<p>Culotte en dentelle fleurie rouge et petit noeud blanc.<\/p>\n<p><span style=\"font-weight: 400;\">Elastique picot \u00e9cru.<\/span><\/p>\n<p><span style=\"font-weight: 400;\">R\u00e9f\u00e9rez-vous \u00e0 notre grille de taille et \u00e0 la mesure de votre tour de poitrine pour savoir quelle taille choisir.<\/span><\/p>\n<p><span style=\"font-weight: 400;\">La mod\u00e8le mesure 1,70m et porte une taille 36.<\/span><\/p>\n","protected":false},"excerpt":{"rendered":"<p>Culotte en dentelle fleurie rouge et petit noeud blanc. Elastique picot \u00e9cru. R\u00e9f\u00e9rez-vous \u00e0 notre grille de taille et \u00e0 la mesure&hellip;<\/p>\n","protected":false},"featured_media":397505,"template":"","meta":[],"product_brand":[],"product_cat":[668,962,661],"product_tag":[],"class_list":{"0":"post-397529","1":"product","2":"type-product","3":"status-publish","4":"has-post-thumbnail","6":"product_cat-capsule","7":"product_cat-sous-vetements-pyjama-selection","8":"product_cat-tout-voir","10":"first","11":"outofstock","12":"taxable","13":"shipping-taxable","14":"purchasable","15":"product-type-variable"},"_links":{"self":[{"href":"https:\/\/maisoncleo.com\/fr\/wp-json\/wp\/v2\/product\/397529","targetHints":{"allow":["GET"]}}],"collection":[{"href":"https:\/\/maisoncleo.com\/fr\/wp-json\/wp\/v2\/product"}],"about":[{"href":"https:\/\/maisoncleo.com\/fr\/wp-json\/wp\/v2\/types\/product"}],"version-history":[{"count":2,"href":"https:\/\/maisoncleo.com\/fr\/wp-json\/wp\/v2\/product\/397529\/revisions"}],"predecessor-version":[{"id":398587,"href":"https:\/\/maisoncleo.com\/fr\/wp-json\/wp\/v2\/product\/397529\/revisions\/398587"}],"wp:featuredmedia":[{"embeddable":true,"href":"https:\/\/maisoncleo.com\/fr\/wp-json\/wp\/v2\/media\/397505"}],"wp:attachment":[{"href":"https:\/\/maisoncleo.com\/fr\/wp-json\/wp\/v2\/media?parent=397529"}],"wp:term":[{"taxonomy":"product_brand","embeddable":true,"href":"https:\/\/maisoncleo.com\/fr\/wp-json\/wp\/v2\/product_brand?post=397529"},{"taxonomy":"product_cat","embeddable":true,"href":"https:\/\/maisoncleo.com\/fr\/wp-json\/wp\/v2\/product_cat?post=397529"},{"taxonomy":"product_tag","embeddable":true,"href":"https:\/\/maisoncleo.com\/fr\/wp-json\/wp\/v2\/product_tag?post=397529"}],"curies":[{"name":"wp","href":"https:\/\/api.w.org\/{rel}","templated":true}]}}