{"id":397438,"date":"2026-01-21T06:08:57","date_gmt":"2026-01-21T04:08:57","guid":{"rendered":"https:\/\/maisoncleo.com\/?post_type=product&#038;p=397438"},"modified":"2026-01-22T14:37:40","modified_gmt":"2026-01-22T12:37:40","slug":"robe-nuisette-en-satin-de-soie-blanc-casse-avec-details-de-dentelle-fleuri-copy-3","status":"publish","type":"product","link":"https:\/\/maisoncleo.com\/fr\/shop\/robe-nuisette-en-satin-de-soie-blanc-casse-avec-details-de-dentelle-fleuri-copy-3\/","title":{"rendered":"Robe rouge framboise babydoll chenille IRIS"},"content":{"rendered":"<p>Robe rouge framboise babydoll en tissu chenille.<\/p>\n<p>Manches mi-longues, coupe \u00e9vas\u00e9e, d\u00e9collet\u00e9 arrondi. Tissu chenille tr\u00e8s doux.<\/p>\n<p><span style=\"font-weight: 400;\">La mod\u00e8le mesure 1,70 m et porte une taille 36.<\/span><\/p>\n","protected":false},"excerpt":{"rendered":"<p>Robe rouge framboise babydoll en tissu chenille. Manches mi-longues, coupe \u00e9vas\u00e9e, d\u00e9collet\u00e9 arrondi. Tissu chenille tr\u00e8s doux. La mod\u00e8le mesure 1,70 m&hellip;<\/p>\n","protected":false},"featured_media":397454,"template":"","meta":[],"product_brand":[],"product_cat":[668,664,962,661],"product_tag":[],"class_list":{"0":"post-397438","1":"product","2":"type-product","3":"status-publish","4":"has-post-thumbnail","6":"product_cat-capsule","7":"product_cat-robes","8":"product_cat-sous-vetements-pyjama-selection","9":"product_cat-tout-voir","11":"first","12":"instock","13":"taxable","14":"shipping-taxable","15":"purchasable","16":"product-type-variable"},"_links":{"self":[{"href":"https:\/\/maisoncleo.com\/fr\/wp-json\/wp\/v2\/product\/397438","targetHints":{"allow":["GET"]}}],"collection":[{"href":"https:\/\/maisoncleo.com\/fr\/wp-json\/wp\/v2\/product"}],"about":[{"href":"https:\/\/maisoncleo.com\/fr\/wp-json\/wp\/v2\/types\/product"}],"version-history":[{"count":1,"href":"https:\/\/maisoncleo.com\/fr\/wp-json\/wp\/v2\/product\/397438\/revisions"}],"predecessor-version":[{"id":397475,"href":"https:\/\/maisoncleo.com\/fr\/wp-json\/wp\/v2\/product\/397438\/revisions\/397475"}],"wp:featuredmedia":[{"embeddable":true,"href":"https:\/\/maisoncleo.com\/fr\/wp-json\/wp\/v2\/media\/397454"}],"wp:attachment":[{"href":"https:\/\/maisoncleo.com\/fr\/wp-json\/wp\/v2\/media?parent=397438"}],"wp:term":[{"taxonomy":"product_brand","embeddable":true,"href":"https:\/\/maisoncleo.com\/fr\/wp-json\/wp\/v2\/product_brand?post=397438"},{"taxonomy":"product_cat","embeddable":true,"href":"https:\/\/maisoncleo.com\/fr\/wp-json\/wp\/v2\/product_cat?post=397438"},{"taxonomy":"product_tag","embeddable":true,"href":"https:\/\/maisoncleo.com\/fr\/wp-json\/wp\/v2\/product_tag?post=397438"}],"curies":[{"name":"wp","href":"https:\/\/api.w.org\/{rel}","templated":true}]}}