{"id":397417,"date":"2026-01-21T07:04:58","date_gmt":"2026-01-21T05:04:58","guid":{"rendered":"https:\/\/maisoncleo.com\/?post_type=product&#038;p=397417"},"modified":"2026-04-24T15:31:39","modified_gmt":"2026-04-24T13:31:39","slug":"la-garnoule-jupe-mi-longue-en-devore-de-soie-fleuri-beige-copy","status":"publish","type":"product","link":"https:\/\/maisoncleo.com\/fr\/shop\/la-garnoule-jupe-mi-longue-en-devore-de-soie-fleuri-beige-copy\/","title":{"rendered":"Jupe Margaux en soie fleurie prune"},"content":{"rendered":"<p><span style=\"font-weight: 400;\">Un superbe tissu en soie fleurie dans les tons prune, taille \u00e9lastiqu\u00e9e avec \u00e9lastique picot rose clair, finition bourdon marron dans le bas. Coupe \u00e9vas\u00e9e. 100% soie.<\/span><\/p>\n<p><span style=\"font-weight: 400;\">La mod\u00e8le mesure 1,70m et porte une taille 36.<\/span><\/p>\n<p><span style=\"font-weight: 400;\">Comme tout est fabriqu\u00e9 \u00e0 la commande, vous pouvez demander la longueur que vous souhaitez.<\/span><\/p>\n","protected":false},"excerpt":{"rendered":"<p>Un superbe tissu en soie fleurie dans les tons prune, taille \u00e9lastiqu\u00e9e avec \u00e9lastique picot rose clair, finition bourdon marron dans le&hellip;<\/p>\n","protected":false},"featured_media":397364,"template":"","meta":[],"product_brand":[],"product_cat":[672,668,661],"product_tag":[],"class_list":{"0":"post-397417","1":"product","2":"type-product","3":"status-publish","4":"has-post-thumbnail","6":"product_cat-jupes","7":"product_cat-capsule","8":"product_cat-tout-voir","10":"first","11":"instock","12":"taxable","13":"shipping-taxable","14":"purchasable","15":"product-type-variable"},"_links":{"self":[{"href":"https:\/\/maisoncleo.com\/fr\/wp-json\/wp\/v2\/product\/397417","targetHints":{"allow":["GET"]}}],"collection":[{"href":"https:\/\/maisoncleo.com\/fr\/wp-json\/wp\/v2\/product"}],"about":[{"href":"https:\/\/maisoncleo.com\/fr\/wp-json\/wp\/v2\/types\/product"}],"version-history":[{"count":1,"href":"https:\/\/maisoncleo.com\/fr\/wp-json\/wp\/v2\/product\/397417\/revisions"}],"predecessor-version":[{"id":397479,"href":"https:\/\/maisoncleo.com\/fr\/wp-json\/wp\/v2\/product\/397417\/revisions\/397479"}],"wp:featuredmedia":[{"embeddable":true,"href":"https:\/\/maisoncleo.com\/fr\/wp-json\/wp\/v2\/media\/397364"}],"wp:attachment":[{"href":"https:\/\/maisoncleo.com\/fr\/wp-json\/wp\/v2\/media?parent=397417"}],"wp:term":[{"taxonomy":"product_brand","embeddable":true,"href":"https:\/\/maisoncleo.com\/fr\/wp-json\/wp\/v2\/product_brand?post=397417"},{"taxonomy":"product_cat","embeddable":true,"href":"https:\/\/maisoncleo.com\/fr\/wp-json\/wp\/v2\/product_cat?post=397417"},{"taxonomy":"product_tag","embeddable":true,"href":"https:\/\/maisoncleo.com\/fr\/wp-json\/wp\/v2\/product_tag?post=397417"}],"curies":[{"name":"wp","href":"https:\/\/api.w.org\/{rel}","templated":true}]}}