{"id":396777,"date":"2025-12-02T19:11:32","date_gmt":"2025-12-02T17:11:32","guid":{"rendered":"https:\/\/maisoncleo.com\/?post_type=product&#038;p=396777"},"modified":"2026-03-06T17:57:34","modified_gmt":"2026-03-06T15:57:34","slug":"blouse-en-coton-et-dentelle-fleurie-antique-avec-volants-copy","status":"publish","type":"product","link":"https:\/\/maisoncleo.com\/fr\/shop\/blouse-en-coton-et-dentelle-fleurie-antique-avec-volants-copy\/","title":{"rendered":"Blouse en coton et dentelle fleurie antique avec froufrous"},"content":{"rendered":"<p>Blouse en coton et dentelle fleurie antique avec froufrous.<\/p>\n<p><span style=\"font-weight: 400;\">Manches 3\/4 mi-longues, coton batiste doux et d\u00e9licat, bandes de dentelle fleurie sur le devant, le d\u00e9collet\u00e9 et le haut des manches, trois liens sur le devant.<\/span><\/p>\n<p><span style=\"font-weight: 400;\">100% coton batiste et dentelle.<\/span><\/p>\n<p><span style=\"font-weight: 400;\">La mod\u00e8le mesure 1,72m et porte une taille 36.<\/span><\/p>\n","protected":false},"excerpt":{"rendered":"<p>Blouse en coton et dentelle fleurie antique avec froufrous. Manches 3\/4 mi-longues, coton batiste doux et d\u00e9licat, bandes de dentelle fleurie sur&hellip;<\/p>\n","protected":false},"featured_media":396801,"template":"","meta":[],"product_brand":[],"product_cat":[663,668,962,661],"product_tag":[],"class_list":{"0":"post-396777","1":"product","2":"type-product","3":"status-publish","4":"has-post-thumbnail","6":"product_cat-blouses","7":"product_cat-capsule","8":"product_cat-sous-vetements-pyjama-selection","9":"product_cat-tout-voir","11":"first","12":"instock","13":"taxable","14":"shipping-taxable","15":"purchasable","16":"product-type-variable"},"_links":{"self":[{"href":"https:\/\/maisoncleo.com\/fr\/wp-json\/wp\/v2\/product\/396777","targetHints":{"allow":["GET"]}}],"collection":[{"href":"https:\/\/maisoncleo.com\/fr\/wp-json\/wp\/v2\/product"}],"about":[{"href":"https:\/\/maisoncleo.com\/fr\/wp-json\/wp\/v2\/types\/product"}],"version-history":[{"count":1,"href":"https:\/\/maisoncleo.com\/fr\/wp-json\/wp\/v2\/product\/396777\/revisions"}],"predecessor-version":[{"id":396810,"href":"https:\/\/maisoncleo.com\/fr\/wp-json\/wp\/v2\/product\/396777\/revisions\/396810"}],"wp:featuredmedia":[{"embeddable":true,"href":"https:\/\/maisoncleo.com\/fr\/wp-json\/wp\/v2\/media\/396801"}],"wp:attachment":[{"href":"https:\/\/maisoncleo.com\/fr\/wp-json\/wp\/v2\/media?parent=396777"}],"wp:term":[{"taxonomy":"product_brand","embeddable":true,"href":"https:\/\/maisoncleo.com\/fr\/wp-json\/wp\/v2\/product_brand?post=396777"},{"taxonomy":"product_cat","embeddable":true,"href":"https:\/\/maisoncleo.com\/fr\/wp-json\/wp\/v2\/product_cat?post=396777"},{"taxonomy":"product_tag","embeddable":true,"href":"https:\/\/maisoncleo.com\/fr\/wp-json\/wp\/v2\/product_tag?post=396777"}],"curies":[{"name":"wp","href":"https:\/\/api.w.org\/{rel}","templated":true}]}}