{"id":396707,"date":"2025-12-02T21:00:49","date_gmt":"2025-12-02T19:00:49","guid":{"rendered":"https:\/\/maisoncleo.com\/?post_type=product&#038;p=396707"},"modified":"2025-12-07T10:18:13","modified_gmt":"2025-12-07T08:18:13","slug":"robe-nuisette-en-satin-de-soie-blanc-casse-avec-details-de-dentelle-fleuri-copy-2","status":"publish","type":"product","link":"https:\/\/maisoncleo.com\/fr\/shop\/robe-nuisette-en-satin-de-soie-blanc-casse-avec-details-de-dentelle-fleuri-copy-2\/","title":{"rendered":"Robe nuisette babydoll en mousseline fleurie lilas et marron"},"content":{"rendered":"<p>Robe nuisette babydoll en mousseline fleurie lilas et marron.<\/p>\n<p>Bretelles ajustables et \u00e9lastiqu\u00e9es grises, d\u00e9collet\u00e9 forme triangle, rang\u00e9es de volants sur le d\u00e9collet\u00e9 et dans le bas, petit noeud agr\u00e9ment\u00e9 d&rsquo;une perle marron, coupe babydoll. Tissu fluide en mousseline.<\/p>\n<p><span style=\"font-weight: 400;\">La mod\u00e8le mesure 1,72m et porte une taille 36.<\/span><\/p>\n","protected":false},"excerpt":{"rendered":"<p>Robe nuisette babydoll en mousseline fleurie lilas et marron. Bretelles ajustables et \u00e9lastiqu\u00e9es grises, d\u00e9collet\u00e9 forme triangle, rang\u00e9es de volants sur le&hellip;<\/p>\n","protected":false},"featured_media":396739,"template":"","meta":[],"product_brand":[],"product_cat":[668,664,962,661],"product_tag":[],"class_list":{"0":"post-396707","1":"product","2":"type-product","3":"status-publish","4":"has-post-thumbnail","6":"product_cat-capsule","7":"product_cat-robes","8":"product_cat-sous-vetements-pyjama-selection","9":"product_cat-tout-voir","11":"first","12":"instock","13":"taxable","14":"shipping-taxable","15":"purchasable","16":"product-type-variable"},"_links":{"self":[{"href":"https:\/\/maisoncleo.com\/fr\/wp-json\/wp\/v2\/product\/396707","targetHints":{"allow":["GET"]}}],"collection":[{"href":"https:\/\/maisoncleo.com\/fr\/wp-json\/wp\/v2\/product"}],"about":[{"href":"https:\/\/maisoncleo.com\/fr\/wp-json\/wp\/v2\/types\/product"}],"version-history":[{"count":1,"href":"https:\/\/maisoncleo.com\/fr\/wp-json\/wp\/v2\/product\/396707\/revisions"}],"predecessor-version":[{"id":396747,"href":"https:\/\/maisoncleo.com\/fr\/wp-json\/wp\/v2\/product\/396707\/revisions\/396747"}],"wp:featuredmedia":[{"embeddable":true,"href":"https:\/\/maisoncleo.com\/fr\/wp-json\/wp\/v2\/media\/396739"}],"wp:attachment":[{"href":"https:\/\/maisoncleo.com\/fr\/wp-json\/wp\/v2\/media?parent=396707"}],"wp:term":[{"taxonomy":"product_brand","embeddable":true,"href":"https:\/\/maisoncleo.com\/fr\/wp-json\/wp\/v2\/product_brand?post=396707"},{"taxonomy":"product_cat","embeddable":true,"href":"https:\/\/maisoncleo.com\/fr\/wp-json\/wp\/v2\/product_cat?post=396707"},{"taxonomy":"product_tag","embeddable":true,"href":"https:\/\/maisoncleo.com\/fr\/wp-json\/wp\/v2\/product_tag?post=396707"}],"curies":[{"name":"wp","href":"https:\/\/api.w.org\/{rel}","templated":true}]}}