{"id":396602,"date":"2025-12-03T01:00:09","date_gmt":"2025-12-02T23:00:09","guid":{"rendered":"https:\/\/maisoncleo.com\/?post_type=product&#038;p=396602"},"modified":"2025-12-07T10:19:06","modified_gmt":"2025-12-07T08:19:06","slug":"culotte-en-dentelle-bleu-ciel-et-fleurs-roses-avec-broderies-copy","status":"publish","type":"product","link":"https:\/\/maisoncleo.com\/fr\/shop\/culotte-en-dentelle-bleu-ciel-et-fleurs-roses-avec-broderies-copy\/","title":{"rendered":"Culotte en coton blanc picot petit volant de broderie anglaise et noeud"},"content":{"rendered":"<p>Culotte en coton blanc agr\u00e9ment\u00e9e d&rsquo;un petit volant de broderie anglaise, petit noeud sur le devant, \u00e9lastique picot.<\/p>\n<p>100% coton.<\/p>\n<p><span style=\"font-weight: 400;\">La mod\u00e8le mesure 1,72m et porte une taille 36.<\/span><\/p>\n","protected":false},"excerpt":{"rendered":"<p>Culotte en coton blanc agr\u00e9ment\u00e9e d&rsquo;un petit volant de broderie anglaise, petit noeud sur le devant, \u00e9lastique picot. 100% coton. La mod\u00e8le&hellip;<\/p>\n","protected":false},"featured_media":396624,"template":"","meta":[],"product_brand":[],"product_cat":[668,962,661],"product_tag":[],"class_list":{"0":"post-396602","1":"product","2":"type-product","3":"status-publish","4":"has-post-thumbnail","6":"product_cat-capsule","7":"product_cat-sous-vetements-pyjama-selection","8":"product_cat-tout-voir","10":"first","11":"instock","12":"taxable","13":"shipping-taxable","14":"purchasable","15":"product-type-variable"},"_links":{"self":[{"href":"https:\/\/maisoncleo.com\/fr\/wp-json\/wp\/v2\/product\/396602","targetHints":{"allow":["GET"]}}],"collection":[{"href":"https:\/\/maisoncleo.com\/fr\/wp-json\/wp\/v2\/product"}],"about":[{"href":"https:\/\/maisoncleo.com\/fr\/wp-json\/wp\/v2\/types\/product"}],"version-history":[{"count":1,"href":"https:\/\/maisoncleo.com\/fr\/wp-json\/wp\/v2\/product\/396602\/revisions"}],"predecessor-version":[{"id":396632,"href":"https:\/\/maisoncleo.com\/fr\/wp-json\/wp\/v2\/product\/396602\/revisions\/396632"}],"wp:featuredmedia":[{"embeddable":true,"href":"https:\/\/maisoncleo.com\/fr\/wp-json\/wp\/v2\/media\/396624"}],"wp:attachment":[{"href":"https:\/\/maisoncleo.com\/fr\/wp-json\/wp\/v2\/media?parent=396602"}],"wp:term":[{"taxonomy":"product_brand","embeddable":true,"href":"https:\/\/maisoncleo.com\/fr\/wp-json\/wp\/v2\/product_brand?post=396602"},{"taxonomy":"product_cat","embeddable":true,"href":"https:\/\/maisoncleo.com\/fr\/wp-json\/wp\/v2\/product_cat?post=396602"},{"taxonomy":"product_tag","embeddable":true,"href":"https:\/\/maisoncleo.com\/fr\/wp-json\/wp\/v2\/product_tag?post=396602"}],"curies":[{"name":"wp","href":"https:\/\/api.w.org\/{rel}","templated":true}]}}