{"id":396580,"date":"2025-12-03T02:00:24","date_gmt":"2025-12-03T00:00:24","guid":{"rendered":"https:\/\/maisoncleo.com\/?post_type=product&#038;p=396580"},"modified":"2025-12-07T10:19:33","modified_gmt":"2025-12-07T08:19:33","slug":"top-en-dentelle-bleu-ciel-et-fleurs-roses-avec-broderies-copy","status":"publish","type":"product","link":"https:\/\/maisoncleo.com\/fr\/shop\/top-en-dentelle-bleu-ciel-et-fleurs-roses-avec-broderies-copy\/","title":{"rendered":"Culotte en dentelle bleu ciel et fleurs roses avec broderies"},"content":{"rendered":"<p>Culotte en dentelle bleu ciel et fleurs roses avec broderies, d\u00e9tails de l&rsquo;\u00e9lastique et du noeud rose. Superbes d\u00e9tails de dentelle! Comme un nuage.<\/p>\n<p><span style=\"font-weight: 400;\">La mod\u00e8le mesure 1,72m et porte une taille 36.<\/span><\/p>\n","protected":false},"excerpt":{"rendered":"<p>Culotte en dentelle bleu ciel et fleurs roses avec broderies, d\u00e9tails de l&rsquo;\u00e9lastique et du noeud rose. Superbes d\u00e9tails de dentelle! Comme&hellip;<\/p>\n","protected":false},"featured_media":396546,"template":"","meta":[],"product_brand":[],"product_cat":[668,962,661],"product_tag":[],"class_list":{"0":"post-396580","1":"product","2":"type-product","3":"status-publish","4":"has-post-thumbnail","6":"product_cat-capsule","7":"product_cat-sous-vetements-pyjama-selection","8":"product_cat-tout-voir","10":"first","11":"outofstock","12":"taxable","13":"shipping-taxable","14":"purchasable","15":"product-type-variable"},"_links":{"self":[{"href":"https:\/\/maisoncleo.com\/fr\/wp-json\/wp\/v2\/product\/396580","targetHints":{"allow":["GET"]}}],"collection":[{"href":"https:\/\/maisoncleo.com\/fr\/wp-json\/wp\/v2\/product"}],"about":[{"href":"https:\/\/maisoncleo.com\/fr\/wp-json\/wp\/v2\/types\/product"}],"version-history":[{"count":1,"href":"https:\/\/maisoncleo.com\/fr\/wp-json\/wp\/v2\/product\/396580\/revisions"}],"predecessor-version":[{"id":396594,"href":"https:\/\/maisoncleo.com\/fr\/wp-json\/wp\/v2\/product\/396580\/revisions\/396594"}],"wp:featuredmedia":[{"embeddable":true,"href":"https:\/\/maisoncleo.com\/fr\/wp-json\/wp\/v2\/media\/396546"}],"wp:attachment":[{"href":"https:\/\/maisoncleo.com\/fr\/wp-json\/wp\/v2\/media?parent=396580"}],"wp:term":[{"taxonomy":"product_brand","embeddable":true,"href":"https:\/\/maisoncleo.com\/fr\/wp-json\/wp\/v2\/product_brand?post=396580"},{"taxonomy":"product_cat","embeddable":true,"href":"https:\/\/maisoncleo.com\/fr\/wp-json\/wp\/v2\/product_cat?post=396580"},{"taxonomy":"product_tag","embeddable":true,"href":"https:\/\/maisoncleo.com\/fr\/wp-json\/wp\/v2\/product_tag?post=396580"}],"curies":[{"name":"wp","href":"https:\/\/api.w.org\/{rel}","templated":true}]}}