{"id":396538,"date":"2025-12-03T03:00:46","date_gmt":"2025-12-03T01:00:46","guid":{"rendered":"https:\/\/maisoncleo.com\/?post_type=product&#038;p=396538"},"modified":"2025-12-07T10:19:51","modified_gmt":"2025-12-07T08:19:51","slug":"top-en-dentelle-fleuri-kaki-clair-et-rouge-avec-liens-et-noeuds-copy-2","status":"publish","type":"product","link":"https:\/\/maisoncleo.com\/fr\/shop\/top-en-dentelle-fleuri-kaki-clair-et-rouge-avec-liens-et-noeuds-copy-2\/","title":{"rendered":"Top en dentelle bleu ciel et fleurs roses avec broderies"},"content":{"rendered":"<p>Top en dentelle bleu ciel et fleurs roses avec broderies, \u00e9lastiqu\u00e9 en dessous de la poitrine, bretelles iris\u00e9es en dentelle, liens sur le devant. Superbes d\u00e9tails de dentelle! Comme un nuage.<\/p>\n<p><span style=\"font-weight: 400;\">La mod\u00e8le mesure 1,72m et porte une taille 36.<\/span><\/p>\n","protected":false},"excerpt":{"rendered":"<p>Top en dentelle bleu ciel et fleurs roses avec broderies, \u00e9lastiqu\u00e9 en dessous de la poitrine, bretelles iris\u00e9es en dentelle, liens sur&hellip;<\/p>\n","protected":false},"featured_media":396562,"template":"","meta":[],"product_brand":[],"product_cat":[668,962,661],"product_tag":[],"class_list":{"0":"post-396538","1":"product","2":"type-product","3":"status-publish","4":"has-post-thumbnail","6":"product_cat-capsule","7":"product_cat-sous-vetements-pyjama-selection","8":"product_cat-tout-voir","10":"first","11":"outofstock","12":"taxable","13":"shipping-taxable","14":"purchasable","15":"product-type-variable"},"_links":{"self":[{"href":"https:\/\/maisoncleo.com\/fr\/wp-json\/wp\/v2\/product\/396538","targetHints":{"allow":["GET"]}}],"collection":[{"href":"https:\/\/maisoncleo.com\/fr\/wp-json\/wp\/v2\/product"}],"about":[{"href":"https:\/\/maisoncleo.com\/fr\/wp-json\/wp\/v2\/types\/product"}],"version-history":[{"count":1,"href":"https:\/\/maisoncleo.com\/fr\/wp-json\/wp\/v2\/product\/396538\/revisions"}],"predecessor-version":[{"id":396572,"href":"https:\/\/maisoncleo.com\/fr\/wp-json\/wp\/v2\/product\/396538\/revisions\/396572"}],"wp:featuredmedia":[{"embeddable":true,"href":"https:\/\/maisoncleo.com\/fr\/wp-json\/wp\/v2\/media\/396562"}],"wp:attachment":[{"href":"https:\/\/maisoncleo.com\/fr\/wp-json\/wp\/v2\/media?parent=396538"}],"wp:term":[{"taxonomy":"product_brand","embeddable":true,"href":"https:\/\/maisoncleo.com\/fr\/wp-json\/wp\/v2\/product_brand?post=396538"},{"taxonomy":"product_cat","embeddable":true,"href":"https:\/\/maisoncleo.com\/fr\/wp-json\/wp\/v2\/product_cat?post=396538"},{"taxonomy":"product_tag","embeddable":true,"href":"https:\/\/maisoncleo.com\/fr\/wp-json\/wp\/v2\/product_tag?post=396538"}],"curies":[{"name":"wp","href":"https:\/\/api.w.org\/{rel}","templated":true}]}}