{"id":396456,"date":"2025-12-03T06:00:06","date_gmt":"2025-12-03T04:00:06","guid":{"rendered":"https:\/\/maisoncleo.com\/?post_type=product&#038;p=396456"},"modified":"2026-04-20T14:04:01","modified_gmt":"2026-04-20T12:04:01","slug":"soutien-gorge-en-coton-batiste-delicat-blanc-avec-froufrous-copy","status":"publish","type":"product","link":"https:\/\/maisoncleo.com\/fr\/shop\/soutien-gorge-en-coton-batiste-delicat-blanc-avec-froufrous-copy\/","title":{"rendered":"Culotte en coton batiste d\u00e9licat blanc froufrou"},"content":{"rendered":"<p>Culotte en coton batiste d\u00e9licat blanc froufrou.<\/p>\n<p><span style=\"font-weight: 400;\">Elastiqu\u00e9, petit noeud sur le devant.<\/span><\/p>\n<p><span style=\"font-weight: 400;\">100% coton batiste.<\/span><\/p>\n<p><span style=\"font-weight: 400;\">La mod\u00e8le mesure 1,72m et porte une taille 36.<\/span><\/p>\n","protected":false},"excerpt":{"rendered":"<p>Culotte en coton batiste d\u00e9licat blanc froufrou. Elastiqu\u00e9, petit noeud sur le devant. 100% coton batiste. La mod\u00e8le mesure 1,72m et porte&hellip;<\/p>\n","protected":false},"featured_media":396438,"template":"","meta":[],"product_brand":[],"product_cat":[668,962,661],"product_tag":[],"class_list":{"0":"post-396456","1":"product","2":"type-product","3":"status-publish","4":"has-post-thumbnail","6":"product_cat-capsule","7":"product_cat-sous-vetements-pyjama-selection","8":"product_cat-tout-voir","10":"first","11":"instock","12":"taxable","13":"shipping-taxable","14":"purchasable","15":"product-type-variable"},"_links":{"self":[{"href":"https:\/\/maisoncleo.com\/fr\/wp-json\/wp\/v2\/product\/396456","targetHints":{"allow":["GET"]}}],"collection":[{"href":"https:\/\/maisoncleo.com\/fr\/wp-json\/wp\/v2\/product"}],"about":[{"href":"https:\/\/maisoncleo.com\/fr\/wp-json\/wp\/v2\/types\/product"}],"version-history":[{"count":2,"href":"https:\/\/maisoncleo.com\/fr\/wp-json\/wp\/v2\/product\/396456\/revisions"}],"predecessor-version":[{"id":399933,"href":"https:\/\/maisoncleo.com\/fr\/wp-json\/wp\/v2\/product\/396456\/revisions\/399933"}],"wp:featuredmedia":[{"embeddable":true,"href":"https:\/\/maisoncleo.com\/fr\/wp-json\/wp\/v2\/media\/396438"}],"wp:attachment":[{"href":"https:\/\/maisoncleo.com\/fr\/wp-json\/wp\/v2\/media?parent=396456"}],"wp:term":[{"taxonomy":"product_brand","embeddable":true,"href":"https:\/\/maisoncleo.com\/fr\/wp-json\/wp\/v2\/product_brand?post=396456"},{"taxonomy":"product_cat","embeddable":true,"href":"https:\/\/maisoncleo.com\/fr\/wp-json\/wp\/v2\/product_cat?post=396456"},{"taxonomy":"product_tag","embeddable":true,"href":"https:\/\/maisoncleo.com\/fr\/wp-json\/wp\/v2\/product_tag?post=396456"}],"curies":[{"name":"wp","href":"https:\/\/api.w.org\/{rel}","templated":true}]}}