{"id":396373,"date":"2025-12-03T09:00:32","date_gmt":"2025-12-03T07:00:32","guid":{"rendered":"https:\/\/maisoncleo.com\/?post_type=product&#038;p=396373"},"modified":"2025-12-07T10:20:40","modified_gmt":"2025-12-07T08:20:40","slug":"culotte-en-mousseline-de-soie-marron-avec-noeud-copy","status":"publish","type":"product","link":"https:\/\/maisoncleo.com\/fr\/shop\/culotte-en-mousseline-de-soie-marron-avec-noeud-copy\/","title":{"rendered":"Culotte en coton et dentelle fleurie blanche"},"content":{"rendered":"<p>Culotte en coton et dentelle fleurie blanche. D\u00e9tail \u00e9lastique picot et petit noeud.<\/p>\n<p><span style=\"font-weight: 400;\">100% coton et dentelle.<\/span><\/p>\n<p><span style=\"font-weight: 400;\">La mod\u00e8le mesure 1,72m et porte une taille 36.<\/span><\/p>\n","protected":false},"excerpt":{"rendered":"<p>Culotte en coton et dentelle fleurie blanche. D\u00e9tail \u00e9lastique picot et petit noeud. 100% coton et dentelle. La mod\u00e8le mesure 1,72m et&hellip;<\/p>\n","protected":false},"featured_media":396389,"template":"","meta":[],"product_brand":[],"product_cat":[668,962,661],"product_tag":[],"class_list":{"0":"post-396373","1":"product","2":"type-product","3":"status-publish","4":"has-post-thumbnail","6":"product_cat-capsule","7":"product_cat-sous-vetements-pyjama-selection","8":"product_cat-tout-voir","10":"first","11":"instock","12":"taxable","13":"shipping-taxable","14":"purchasable","15":"product-type-variable"},"_links":{"self":[{"href":"https:\/\/maisoncleo.com\/fr\/wp-json\/wp\/v2\/product\/396373","targetHints":{"allow":["GET"]}}],"collection":[{"href":"https:\/\/maisoncleo.com\/fr\/wp-json\/wp\/v2\/product"}],"about":[{"href":"https:\/\/maisoncleo.com\/fr\/wp-json\/wp\/v2\/types\/product"}],"version-history":[{"count":1,"href":"https:\/\/maisoncleo.com\/fr\/wp-json\/wp\/v2\/product\/396373\/revisions"}],"predecessor-version":[{"id":396399,"href":"https:\/\/maisoncleo.com\/fr\/wp-json\/wp\/v2\/product\/396373\/revisions\/396399"}],"wp:featuredmedia":[{"embeddable":true,"href":"https:\/\/maisoncleo.com\/fr\/wp-json\/wp\/v2\/media\/396389"}],"wp:attachment":[{"href":"https:\/\/maisoncleo.com\/fr\/wp-json\/wp\/v2\/media?parent=396373"}],"wp:term":[{"taxonomy":"product_brand","embeddable":true,"href":"https:\/\/maisoncleo.com\/fr\/wp-json\/wp\/v2\/product_brand?post=396373"},{"taxonomy":"product_cat","embeddable":true,"href":"https:\/\/maisoncleo.com\/fr\/wp-json\/wp\/v2\/product_cat?post=396373"},{"taxonomy":"product_tag","embeddable":true,"href":"https:\/\/maisoncleo.com\/fr\/wp-json\/wp\/v2\/product_tag?post=396373"}],"curies":[{"name":"wp","href":"https:\/\/api.w.org\/{rel}","templated":true}]}}