{"id":396335,"date":"2025-12-03T10:00:40","date_gmt":"2025-12-03T08:00:40","guid":{"rendered":"https:\/\/maisoncleo.com\/?post_type=product&#038;p=396335"},"modified":"2026-01-05T13:16:38","modified_gmt":"2026-01-05T11:16:38","slug":"soutien-gorge-brassiere-marron-auburn-en-dentelle-delicate-et-petit-noeud-copy-2","status":"publish","type":"product","link":"https:\/\/maisoncleo.com\/fr\/shop\/soutien-gorge-brassiere-marron-auburn-en-dentelle-delicate-et-petit-noeud-copy-2\/","title":{"rendered":"Gilet en coton blanc avec gros noeud et d\u00e9tails dentelle"},"content":{"rendered":"<p>Gilet en coton blanc avec gros noeud et d\u00e9tails dentelle. Dentelle sur els manches et le d\u00e9collet\u00e9.<\/p>\n<p>Fabriqu\u00e9 dans un coton batiste doux et d\u00e9licate.<\/p>\n<p>100% coton. A porter de nuit comme de jour, avec votre paire de jean pr\u00e9f\u00e9r\u00e9.<\/p>\n<p><span style=\"font-weight: 400;\">La mod\u00e8le mesure 1,72m et porte une taille 36.<\/span><\/p>\n","protected":false},"excerpt":{"rendered":"<p>Gilet en coton blanc avec gros noeud et d\u00e9tails dentelle. Dentelle sur els manches et le d\u00e9collet\u00e9. Fabriqu\u00e9 dans un coton batiste&hellip;<\/p>\n","protected":false},"featured_media":396345,"template":"","meta":[],"product_brand":[],"product_cat":[668,962,661],"product_tag":[],"class_list":{"0":"post-396335","1":"product","2":"type-product","3":"status-publish","4":"has-post-thumbnail","6":"product_cat-capsule","7":"product_cat-sous-vetements-pyjama-selection","8":"product_cat-tout-voir","10":"first","11":"instock","12":"taxable","13":"shipping-taxable","14":"purchasable","15":"product-type-variable"},"_links":{"self":[{"href":"https:\/\/maisoncleo.com\/fr\/wp-json\/wp\/v2\/product\/396335","targetHints":{"allow":["GET"]}}],"collection":[{"href":"https:\/\/maisoncleo.com\/fr\/wp-json\/wp\/v2\/product"}],"about":[{"href":"https:\/\/maisoncleo.com\/fr\/wp-json\/wp\/v2\/types\/product"}],"version-history":[{"count":1,"href":"https:\/\/maisoncleo.com\/fr\/wp-json\/wp\/v2\/product\/396335\/revisions"}],"predecessor-version":[{"id":396365,"href":"https:\/\/maisoncleo.com\/fr\/wp-json\/wp\/v2\/product\/396335\/revisions\/396365"}],"wp:featuredmedia":[{"embeddable":true,"href":"https:\/\/maisoncleo.com\/fr\/wp-json\/wp\/v2\/media\/396345"}],"wp:attachment":[{"href":"https:\/\/maisoncleo.com\/fr\/wp-json\/wp\/v2\/media?parent=396335"}],"wp:term":[{"taxonomy":"product_brand","embeddable":true,"href":"https:\/\/maisoncleo.com\/fr\/wp-json\/wp\/v2\/product_brand?post=396335"},{"taxonomy":"product_cat","embeddable":true,"href":"https:\/\/maisoncleo.com\/fr\/wp-json\/wp\/v2\/product_cat?post=396335"},{"taxonomy":"product_tag","embeddable":true,"href":"https:\/\/maisoncleo.com\/fr\/wp-json\/wp\/v2\/product_tag?post=396335"}],"curies":[{"name":"wp","href":"https:\/\/api.w.org\/{rel}","templated":true}]}}