{"id":396160,"date":"2025-12-03T15:00:06","date_gmt":"2025-12-03T13:00:06","guid":{"rendered":"https:\/\/maisoncleo.com\/?post_type=product&#038;p=396160"},"modified":"2025-12-07T10:22:06","modified_gmt":"2025-12-07T08:22:06","slug":"culotte-en-dentelle-petites-fleurs-marguerites-blanches-avec-noeud-copy","status":"publish","type":"product","link":"https:\/\/maisoncleo.com\/fr\/shop\/culotte-en-dentelle-petites-fleurs-marguerites-blanches-avec-noeud-copy\/","title":{"rendered":"Culotte imprim\u00e9 girafe avec noeud gris et d\u00e9tails jaune n\u00e9on"},"content":{"rendered":"<p>Culotte imprim\u00e9 girafe avec noeud gris et d\u00e9tails de l&rsquo;\u00e9lastique jaune n\u00e9on.<\/p>\n<p><span style=\"font-weight: 400;\">La mod\u00e8le mesure 1,72m et porte une taille 36.<\/span><\/p>\n","protected":false},"excerpt":{"rendered":"<p>Culotte imprim\u00e9 girafe avec noeud gris et d\u00e9tails de l&rsquo;\u00e9lastique jaune n\u00e9on. La mod\u00e8le mesure 1,72m et porte une taille 36.<\/p>\n","protected":false},"featured_media":396168,"template":"","meta":[],"product_brand":[],"product_cat":[668,962,661],"product_tag":[],"class_list":{"0":"post-396160","1":"product","2":"type-product","3":"status-publish","4":"has-post-thumbnail","6":"product_cat-capsule","7":"product_cat-sous-vetements-pyjama-selection","8":"product_cat-tout-voir","10":"first","11":"instock","12":"taxable","13":"shipping-taxable","14":"purchasable","15":"product-type-variable"},"_links":{"self":[{"href":"https:\/\/maisoncleo.com\/fr\/wp-json\/wp\/v2\/product\/396160","targetHints":{"allow":["GET"]}}],"collection":[{"href":"https:\/\/maisoncleo.com\/fr\/wp-json\/wp\/v2\/product"}],"about":[{"href":"https:\/\/maisoncleo.com\/fr\/wp-json\/wp\/v2\/types\/product"}],"version-history":[{"count":1,"href":"https:\/\/maisoncleo.com\/fr\/wp-json\/wp\/v2\/product\/396160\/revisions"}],"predecessor-version":[{"id":396204,"href":"https:\/\/maisoncleo.com\/fr\/wp-json\/wp\/v2\/product\/396160\/revisions\/396204"}],"wp:featuredmedia":[{"embeddable":true,"href":"https:\/\/maisoncleo.com\/fr\/wp-json\/wp\/v2\/media\/396168"}],"wp:attachment":[{"href":"https:\/\/maisoncleo.com\/fr\/wp-json\/wp\/v2\/media?parent=396160"}],"wp:term":[{"taxonomy":"product_brand","embeddable":true,"href":"https:\/\/maisoncleo.com\/fr\/wp-json\/wp\/v2\/product_brand?post=396160"},{"taxonomy":"product_cat","embeddable":true,"href":"https:\/\/maisoncleo.com\/fr\/wp-json\/wp\/v2\/product_cat?post=396160"},{"taxonomy":"product_tag","embeddable":true,"href":"https:\/\/maisoncleo.com\/fr\/wp-json\/wp\/v2\/product_tag?post=396160"}],"curies":[{"name":"wp","href":"https:\/\/api.w.org\/{rel}","templated":true}]}}