{"id":396117,"date":"2025-12-03T16:00:53","date_gmt":"2025-12-03T14:00:53","guid":{"rendered":"https:\/\/maisoncleo.com\/?post_type=product&#038;p=396117"},"modified":"2026-02-20T17:23:46","modified_gmt":"2026-02-20T15:23:46","slug":"soutien-gorge-en-mousseline-de-soie-marron-bretelles-grises-et-petit-noeud-copy-7","status":"publish","type":"product","link":"https:\/\/maisoncleo.com\/fr\/shop\/soutien-gorge-en-mousseline-de-soie-marron-bretelles-grises-et-petit-noeud-copy-7\/","title":{"rendered":"Blouse en coton et dentelle fleurie antique avec volants"},"content":{"rendered":"<p>Blouse en coton et dentelle fleurie antique avec volants.<\/p>\n<p><span style=\"font-weight: 400;\">Manches courtes, coton batiste doux et d\u00e9licat, bandes de dentelle fleurie, trois liens sur le devant.<\/span><\/p>\n<p><span style=\"font-weight: 400;\">100% coton batiste et dentelle.<\/span><\/p>\n<p><span style=\"font-weight: 400;\">La mod\u00e8le mesure 1,72m et porte une taille 36.<\/span><\/p>\n<p>La dentelle des premi\u00e8res photos port\u00e9es est \u00e9puis\u00e9e. La blouse est maintenant faite dans la dentelle de la derni\u00e8re photo, tout aussi jolie et d\u00e9licate &lt;3<\/p>\n","protected":false},"excerpt":{"rendered":"<p>Blouse en coton et dentelle fleurie antique avec volants. Manches courtes, coton batiste doux et d\u00e9licat, bandes de dentelle fleurie, trois liens&hellip;<\/p>\n","protected":false},"featured_media":396131,"template":"","meta":[],"product_brand":[],"product_cat":[663,668,962,661],"product_tag":[],"class_list":{"0":"post-396117","1":"product","2":"type-product","3":"status-publish","4":"has-post-thumbnail","6":"product_cat-blouses","7":"product_cat-capsule","8":"product_cat-sous-vetements-pyjama-selection","9":"product_cat-tout-voir","11":"first","12":"instock","13":"taxable","14":"shipping-taxable","15":"purchasable","16":"product-type-variable"},"_links":{"self":[{"href":"https:\/\/maisoncleo.com\/fr\/wp-json\/wp\/v2\/product\/396117","targetHints":{"allow":["GET"]}}],"collection":[{"href":"https:\/\/maisoncleo.com\/fr\/wp-json\/wp\/v2\/product"}],"about":[{"href":"https:\/\/maisoncleo.com\/fr\/wp-json\/wp\/v2\/types\/product"}],"version-history":[{"count":2,"href":"https:\/\/maisoncleo.com\/fr\/wp-json\/wp\/v2\/product\/396117\/revisions"}],"predecessor-version":[{"id":398430,"href":"https:\/\/maisoncleo.com\/fr\/wp-json\/wp\/v2\/product\/396117\/revisions\/398430"}],"wp:featuredmedia":[{"embeddable":true,"href":"https:\/\/maisoncleo.com\/fr\/wp-json\/wp\/v2\/media\/396131"}],"wp:attachment":[{"href":"https:\/\/maisoncleo.com\/fr\/wp-json\/wp\/v2\/media?parent=396117"}],"wp:term":[{"taxonomy":"product_brand","embeddable":true,"href":"https:\/\/maisoncleo.com\/fr\/wp-json\/wp\/v2\/product_brand?post=396117"},{"taxonomy":"product_cat","embeddable":true,"href":"https:\/\/maisoncleo.com\/fr\/wp-json\/wp\/v2\/product_cat?post=396117"},{"taxonomy":"product_tag","embeddable":true,"href":"https:\/\/maisoncleo.com\/fr\/wp-json\/wp\/v2\/product_tag?post=396117"}],"curies":[{"name":"wp","href":"https:\/\/api.w.org\/{rel}","templated":true}]}}