{"id":396033,"date":"2025-12-03T18:00:29","date_gmt":"2025-12-03T16:00:29","guid":{"rendered":"https:\/\/maisoncleo.com\/?post_type=product&#038;p=396033"},"modified":"2025-12-07T10:22:38","modified_gmt":"2025-12-07T08:22:38","slug":"soutien-gorge-en-mousseline-de-soie-marron-bretelles-grises-et-petit-noeud-copy-8","status":"publish","type":"product","link":"https:\/\/maisoncleo.com\/fr\/shop\/soutien-gorge-en-mousseline-de-soie-marron-bretelles-grises-et-petit-noeud-copy-8\/","title":{"rendered":"Soutien gorge en dentelle petites fleurs marguerites blanches avec noeud"},"content":{"rendered":"<p>Soutien gorge en dentelle petites fleurs marguerites blanches avec noeud. On adore cette dentelle trop mignonne!<\/p>\n<p><span style=\"font-weight: 400;\">Elastiqu\u00e9 en dessous de la poitrine. Bretelles \u00e9lastiqu\u00e9es ajustables.<\/span><\/p>\n<p><span style=\"font-weight: 400;\">R\u00e9f\u00e9rez-vous \u00e0 notre grille de taille et \u00e0 la mesure de votre tour de poitrine pour savoir quelle taille choisir.<\/span><\/p>\n<p><span style=\"font-weight: 400;\">La mod\u00e8le mesure 1,72m et porte une taille 36.<\/span><\/p>\n","protected":false},"excerpt":{"rendered":"<p>Soutien gorge en dentelle petites fleurs marguerites blanches avec noeud. On adore cette dentelle trop mignonne! Elastiqu\u00e9 en dessous de la poitrine.&hellip;<\/p>\n","protected":false},"featured_media":396065,"template":"","meta":[],"product_brand":[],"product_cat":[668,962,661],"product_tag":[],"class_list":{"0":"post-396033","1":"product","2":"type-product","3":"status-publish","4":"has-post-thumbnail","6":"product_cat-capsule","7":"product_cat-sous-vetements-pyjama-selection","8":"product_cat-tout-voir","10":"first","11":"instock","12":"taxable","13":"shipping-taxable","14":"purchasable","15":"product-type-variable"},"_links":{"self":[{"href":"https:\/\/maisoncleo.com\/fr\/wp-json\/wp\/v2\/product\/396033","targetHints":{"allow":["GET"]}}],"collection":[{"href":"https:\/\/maisoncleo.com\/fr\/wp-json\/wp\/v2\/product"}],"about":[{"href":"https:\/\/maisoncleo.com\/fr\/wp-json\/wp\/v2\/types\/product"}],"version-history":[{"count":1,"href":"https:\/\/maisoncleo.com\/fr\/wp-json\/wp\/v2\/product\/396033\/revisions"}],"predecessor-version":[{"id":396087,"href":"https:\/\/maisoncleo.com\/fr\/wp-json\/wp\/v2\/product\/396033\/revisions\/396087"}],"wp:featuredmedia":[{"embeddable":true,"href":"https:\/\/maisoncleo.com\/fr\/wp-json\/wp\/v2\/media\/396065"}],"wp:attachment":[{"href":"https:\/\/maisoncleo.com\/fr\/wp-json\/wp\/v2\/media?parent=396033"}],"wp:term":[{"taxonomy":"product_brand","embeddable":true,"href":"https:\/\/maisoncleo.com\/fr\/wp-json\/wp\/v2\/product_brand?post=396033"},{"taxonomy":"product_cat","embeddable":true,"href":"https:\/\/maisoncleo.com\/fr\/wp-json\/wp\/v2\/product_cat?post=396033"},{"taxonomy":"product_tag","embeddable":true,"href":"https:\/\/maisoncleo.com\/fr\/wp-json\/wp\/v2\/product_tag?post=396033"}],"curies":[{"name":"wp","href":"https:\/\/api.w.org\/{rel}","templated":true}]}}