{"id":396011,"date":"2025-12-03T19:00:29","date_gmt":"2025-12-03T17:00:29","guid":{"rendered":"https:\/\/maisoncleo.com\/?post_type=product&#038;p=396011"},"modified":"2025-12-07T10:22:49","modified_gmt":"2025-12-07T08:22:49","slug":"top-en-dentelle-fleuri-kaki-clair-et-rouge-avec-liens-et-noeuds-copy","status":"publish","type":"product","link":"https:\/\/maisoncleo.com\/fr\/shop\/top-en-dentelle-fleuri-kaki-clair-et-rouge-avec-liens-et-noeuds-copy\/","title":{"rendered":"Culotte en dentelle fleurie kaki clair et rouge"},"content":{"rendered":"<p>Culotte en dentelle fleurie kaki clair et rouge clair, \u00e9lastique et petit noeud rouges. Superbes d\u00e9tails de dentelle!<\/p>\n<p><span style=\"font-weight: 400;\">La mod\u00e8le mesure 1,72m et porte une taille 36.<\/span><\/p>\n","protected":false},"excerpt":{"rendered":"<p>Culotte en dentelle fleurie kaki clair et rouge clair, \u00e9lastique et petit noeud rouges. Superbes d\u00e9tails de dentelle! La mod\u00e8le mesure 1,72m&hellip;<\/p>\n","protected":false},"featured_media":395983,"template":"","meta":[],"product_brand":[],"product_cat":[668,962,661],"product_tag":[],"class_list":{"0":"post-396011","1":"product","2":"type-product","3":"status-publish","4":"has-post-thumbnail","6":"product_cat-capsule","7":"product_cat-sous-vetements-pyjama-selection","8":"product_cat-tout-voir","10":"first","11":"instock","12":"taxable","13":"shipping-taxable","14":"purchasable","15":"product-type-variable"},"_links":{"self":[{"href":"https:\/\/maisoncleo.com\/fr\/wp-json\/wp\/v2\/product\/396011","targetHints":{"allow":["GET"]}}],"collection":[{"href":"https:\/\/maisoncleo.com\/fr\/wp-json\/wp\/v2\/product"}],"about":[{"href":"https:\/\/maisoncleo.com\/fr\/wp-json\/wp\/v2\/types\/product"}],"version-history":[{"count":1,"href":"https:\/\/maisoncleo.com\/fr\/wp-json\/wp\/v2\/product\/396011\/revisions"}],"predecessor-version":[{"id":396025,"href":"https:\/\/maisoncleo.com\/fr\/wp-json\/wp\/v2\/product\/396011\/revisions\/396025"}],"wp:featuredmedia":[{"embeddable":true,"href":"https:\/\/maisoncleo.com\/fr\/wp-json\/wp\/v2\/media\/395983"}],"wp:attachment":[{"href":"https:\/\/maisoncleo.com\/fr\/wp-json\/wp\/v2\/media?parent=396011"}],"wp:term":[{"taxonomy":"product_brand","embeddable":true,"href":"https:\/\/maisoncleo.com\/fr\/wp-json\/wp\/v2\/product_brand?post=396011"},{"taxonomy":"product_cat","embeddable":true,"href":"https:\/\/maisoncleo.com\/fr\/wp-json\/wp\/v2\/product_cat?post=396011"},{"taxonomy":"product_tag","embeddable":true,"href":"https:\/\/maisoncleo.com\/fr\/wp-json\/wp\/v2\/product_tag?post=396011"}],"curies":[{"name":"wp","href":"https:\/\/api.w.org\/{rel}","templated":true}]}}