{"id":395963,"date":"2025-12-03T20:00:35","date_gmt":"2025-12-03T18:00:35","guid":{"rendered":"https:\/\/maisoncleo.com\/?post_type=product&#038;p=395963"},"modified":"2025-12-07T11:31:48","modified_gmt":"2025-12-07T09:31:48","slug":"soutien-gorge-en-mousseline-de-soie-marron-bretelles-grises-et-petit-noeud-copy-9","status":"publish","type":"product","link":"https:\/\/maisoncleo.com\/fr\/shop\/soutien-gorge-en-mousseline-de-soie-marron-bretelles-grises-et-petit-noeud-copy-9\/","title":{"rendered":"Top en dentelle fleuri kaki clair et rouge avec liens et noeuds"},"content":{"rendered":"<p>Top en dentelle fleuri kaki clair et rouge clair, liens sur le devant, petits noeuds rouges, \u00e9lastiqu\u00e9 en dessous de la poitrine, bretelles volant\u00e9es \u00e9lastiqu\u00e9es. Superbes d\u00e9tails de dentelle!<\/p>\n<p><span style=\"font-weight: 400;\">La mod\u00e8le mesure 1,72m et porte une taille 36.<\/span><\/p>\n","protected":false},"excerpt":{"rendered":"<p>Top en dentelle fleuri kaki clair et rouge clair, liens sur le devant, petits noeuds rouges, \u00e9lastiqu\u00e9 en dessous de la poitrine,&hellip;<\/p>\n","protected":false},"featured_media":395985,"template":"","meta":[],"product_brand":[],"product_cat":[668,962,661],"product_tag":[],"class_list":{"0":"post-395963","1":"product","2":"type-product","3":"status-publish","4":"has-post-thumbnail","6":"product_cat-capsule","7":"product_cat-sous-vetements-pyjama-selection","8":"product_cat-tout-voir","10":"first","11":"instock","12":"taxable","13":"shipping-taxable","14":"purchasable","15":"product-type-variable"},"_links":{"self":[{"href":"https:\/\/maisoncleo.com\/fr\/wp-json\/wp\/v2\/product\/395963","targetHints":{"allow":["GET"]}}],"collection":[{"href":"https:\/\/maisoncleo.com\/fr\/wp-json\/wp\/v2\/product"}],"about":[{"href":"https:\/\/maisoncleo.com\/fr\/wp-json\/wp\/v2\/types\/product"}],"version-history":[{"count":1,"href":"https:\/\/maisoncleo.com\/fr\/wp-json\/wp\/v2\/product\/395963\/revisions"}],"predecessor-version":[{"id":396003,"href":"https:\/\/maisoncleo.com\/fr\/wp-json\/wp\/v2\/product\/395963\/revisions\/396003"}],"wp:featuredmedia":[{"embeddable":true,"href":"https:\/\/maisoncleo.com\/fr\/wp-json\/wp\/v2\/media\/395985"}],"wp:attachment":[{"href":"https:\/\/maisoncleo.com\/fr\/wp-json\/wp\/v2\/media?parent=395963"}],"wp:term":[{"taxonomy":"product_brand","embeddable":true,"href":"https:\/\/maisoncleo.com\/fr\/wp-json\/wp\/v2\/product_brand?post=395963"},{"taxonomy":"product_cat","embeddable":true,"href":"https:\/\/maisoncleo.com\/fr\/wp-json\/wp\/v2\/product_cat?post=395963"},{"taxonomy":"product_tag","embeddable":true,"href":"https:\/\/maisoncleo.com\/fr\/wp-json\/wp\/v2\/product_tag?post=395963"}],"curies":[{"name":"wp","href":"https:\/\/api.w.org\/{rel}","templated":true}]}}