{"id":395938,"date":"2025-12-03T21:00:27","date_gmt":"2025-12-03T19:00:27","guid":{"rendered":"https:\/\/maisoncleo.com\/?post_type=product&#038;p=395938"},"modified":"2025-12-24T22:01:35","modified_gmt":"2025-12-24T20:01:35","slug":"soutien-gorge-en-mousseline-de-soie-marron-bretelles-grises-et-petit-noeud-copy","status":"publish","type":"product","link":"https:\/\/maisoncleo.com\/fr\/shop\/soutien-gorge-en-mousseline-de-soie-marron-bretelles-grises-et-petit-noeud-copy\/","title":{"rendered":"Culotte en mousseline de soie marron avec noeud"},"content":{"rendered":"<p>Culotte en mousseline de soie marron avec noeud sur le c\u00f4t\u00e9 devant. Trop mignonne!<\/p>\n<p><span style=\"font-weight: 400;\">100% soie.<\/span><\/p>\n<p><span style=\"font-weight: 400;\">La mod\u00e8le mesure 1,72m et porte une taille 36.<\/span><\/p>\n","protected":false},"excerpt":{"rendered":"<p>Culotte en mousseline de soie marron avec noeud sur le c\u00f4t\u00e9 devant. Trop mignonne! 100% soie. La mod\u00e8le mesure 1,72m et porte&hellip;<\/p>\n","protected":false},"featured_media":395880,"template":"","meta":[],"product_brand":[],"product_cat":[668,962,661],"product_tag":[],"class_list":{"0":"post-395938","1":"product","2":"type-product","3":"status-publish","4":"has-post-thumbnail","6":"product_cat-capsule","7":"product_cat-sous-vetements-pyjama-selection","8":"product_cat-tout-voir","10":"first","11":"instock","12":"taxable","13":"shipping-taxable","14":"purchasable","15":"product-type-variable"},"_links":{"self":[{"href":"https:\/\/maisoncleo.com\/fr\/wp-json\/wp\/v2\/product\/395938","targetHints":{"allow":["GET"]}}],"collection":[{"href":"https:\/\/maisoncleo.com\/fr\/wp-json\/wp\/v2\/product"}],"about":[{"href":"https:\/\/maisoncleo.com\/fr\/wp-json\/wp\/v2\/types\/product"}],"version-history":[{"count":1,"href":"https:\/\/maisoncleo.com\/fr\/wp-json\/wp\/v2\/product\/395938\/revisions"}],"predecessor-version":[{"id":395955,"href":"https:\/\/maisoncleo.com\/fr\/wp-json\/wp\/v2\/product\/395938\/revisions\/395955"}],"wp:featuredmedia":[{"embeddable":true,"href":"https:\/\/maisoncleo.com\/fr\/wp-json\/wp\/v2\/media\/395880"}],"wp:attachment":[{"href":"https:\/\/maisoncleo.com\/fr\/wp-json\/wp\/v2\/media?parent=395938"}],"wp:term":[{"taxonomy":"product_brand","embeddable":true,"href":"https:\/\/maisoncleo.com\/fr\/wp-json\/wp\/v2\/product_brand?post=395938"},{"taxonomy":"product_cat","embeddable":true,"href":"https:\/\/maisoncleo.com\/fr\/wp-json\/wp\/v2\/product_cat?post=395938"},{"taxonomy":"product_tag","embeddable":true,"href":"https:\/\/maisoncleo.com\/fr\/wp-json\/wp\/v2\/product_tag?post=395938"}],"curies":[{"name":"wp","href":"https:\/\/api.w.org\/{rel}","templated":true}]}}