{"id":395721,"date":"2025-11-21T18:13:48","date_gmt":"2025-11-21T16:13:48","guid":{"rendered":"https:\/\/maisoncleo.com\/?post_type=product&#038;p=395721"},"modified":"2025-11-21T18:29:50","modified_gmt":"2025-11-21T16:29:50","slug":"robe-longue-poil-noir-maille-a-paillettes-en-maille-jennie-copy","status":"publish","type":"product","link":"https:\/\/maisoncleo.com\/fr\/shop\/robe-longue-poil-noir-maille-a-paillettes-en-maille-jennie-copy\/","title":{"rendered":"La robe spaghetti 90&rsquo;s en soie ivoire ajustable CAITLIN"},"content":{"rendered":"<p>Robe spaghetti en soie ivoire ajustable.<\/p>\n<p>Coupe droite \u00e0 la poitrine, bas \u00e9vas\u00e9 fluide, deux fines bretelles ajustables. 100% soie.<\/p>\n<p>La robe 90&rsquo;s parfaite.<\/p>\n","protected":false},"excerpt":{"rendered":"<p>Robe spaghetti en soie ivoire ajustable. Coupe droite \u00e0 la poitrine, bas \u00e9vas\u00e9 fluide, deux fines bretelles ajustables. 100% soie. La robe&hellip;<\/p>\n","protected":false},"featured_media":395753,"template":"","meta":[],"product_brand":[],"product_cat":[668,664,661],"product_tag":[],"class_list":{"0":"post-395721","1":"product","2":"type-product","3":"status-publish","4":"has-post-thumbnail","6":"product_cat-capsule","7":"product_cat-robes","8":"product_cat-tout-voir","10":"first","11":"instock","12":"taxable","13":"shipping-taxable","14":"purchasable","15":"product-type-variable"},"_links":{"self":[{"href":"https:\/\/maisoncleo.com\/fr\/wp-json\/wp\/v2\/product\/395721","targetHints":{"allow":["GET"]}}],"collection":[{"href":"https:\/\/maisoncleo.com\/fr\/wp-json\/wp\/v2\/product"}],"about":[{"href":"https:\/\/maisoncleo.com\/fr\/wp-json\/wp\/v2\/types\/product"}],"version-history":[{"count":2,"href":"https:\/\/maisoncleo.com\/fr\/wp-json\/wp\/v2\/product\/395721\/revisions"}],"predecessor-version":[{"id":395774,"href":"https:\/\/maisoncleo.com\/fr\/wp-json\/wp\/v2\/product\/395721\/revisions\/395774"}],"wp:featuredmedia":[{"embeddable":true,"href":"https:\/\/maisoncleo.com\/fr\/wp-json\/wp\/v2\/media\/395753"}],"wp:attachment":[{"href":"https:\/\/maisoncleo.com\/fr\/wp-json\/wp\/v2\/media?parent=395721"}],"wp:term":[{"taxonomy":"product_brand","embeddable":true,"href":"https:\/\/maisoncleo.com\/fr\/wp-json\/wp\/v2\/product_brand?post=395721"},{"taxonomy":"product_cat","embeddable":true,"href":"https:\/\/maisoncleo.com\/fr\/wp-json\/wp\/v2\/product_cat?post=395721"},{"taxonomy":"product_tag","embeddable":true,"href":"https:\/\/maisoncleo.com\/fr\/wp-json\/wp\/v2\/product_tag?post=395721"}],"curies":[{"name":"wp","href":"https:\/\/api.w.org\/{rel}","templated":true}]}}