{"id":395672,"date":"2025-08-17T20:06:36","date_gmt":"2025-08-17T18:06:36","guid":{"rendered":"https:\/\/maisoncleo.com\/?post_type=product&#038;p=395672"},"modified":"2025-11-17T17:19:09","modified_gmt":"2025-11-17T15:19:09","slug":"la-gatee-blouse-bleu-marine-a-pois-en-coton-avec-broderies-et-boutons-nacres-copie","status":"publish","type":"product","link":"https:\/\/maisoncleo.com\/fr\/shop\/la-gatee-blouse-bleu-marine-a-pois-en-coton-avec-broderies-et-boutons-nacres-copie\/","title":{"rendered":"READY-TO-SHIP &#8211; LA G\u00c2T\u00c9E &#8211; Blouse bleu marine \u00e0 pois en coton avec broderies et boutons nacr\u00e9s"},"content":{"rendered":"<p><span style=\"font-weight: 400;\">Blouse bleu marine \u00e0 pois en coton, ajust\u00e9e, fermeture \u00e0 l\u2019aide de trois boutons nacr\u00e9s sur le devant, d\u00e9collet\u00e9 en carr\u00e9 agr\u00e9ment\u00e9 de broderie anglaise. 100% coton. Votre look pr\u00e9f\u00e9r\u00e9 du d\u00e9fil\u00e9! La mod\u00e8le mesure 1m73 et porte une taille S\/36.<\/span><\/p>\n<p><span style=\"font-weight: 400;\">Look faisant partie de notre d\u00e9fil\u00e9 printemps-\u00e9t\u00e9 2025 \u201cLa G\u00e2t\u00e9e\u201d pr\u00e9sent\u00e9 \u00e0 Marseille le 9 Juin lors de la Slow Fashion Week, ode au Sud de la France et \u00e0 l\u2019esprit proven\u00e7al. <\/span><\/p>\n","protected":false},"excerpt":{"rendered":"<p>Blouse bleu marine \u00e0 pois en coton, ajust\u00e9e, fermeture \u00e0 l\u2019aide de trois boutons nacr\u00e9s sur le devant, d\u00e9collet\u00e9 en carr\u00e9 agr\u00e9ment\u00e9&hellip;<\/p>\n","protected":false},"featured_media":387967,"template":"","meta":[],"product_brand":[],"product_cat":[913],"product_tag":[],"class_list":{"0":"post-395672","1":"product","2":"type-product","3":"status-publish","4":"has-post-thumbnail","6":"product_cat-ready-to-ship","8":"first","9":"outofstock","10":"taxable","11":"shipping-taxable","12":"purchasable","13":"product-type-variable"},"_links":{"self":[{"href":"https:\/\/maisoncleo.com\/fr\/wp-json\/wp\/v2\/product\/395672","targetHints":{"allow":["GET"]}}],"collection":[{"href":"https:\/\/maisoncleo.com\/fr\/wp-json\/wp\/v2\/product"}],"about":[{"href":"https:\/\/maisoncleo.com\/fr\/wp-json\/wp\/v2\/types\/product"}],"version-history":[{"count":2,"href":"https:\/\/maisoncleo.com\/fr\/wp-json\/wp\/v2\/product\/395672\/revisions"}],"predecessor-version":[{"id":395682,"href":"https:\/\/maisoncleo.com\/fr\/wp-json\/wp\/v2\/product\/395672\/revisions\/395682"}],"wp:featuredmedia":[{"embeddable":true,"href":"https:\/\/maisoncleo.com\/fr\/wp-json\/wp\/v2\/media\/387967"}],"wp:attachment":[{"href":"https:\/\/maisoncleo.com\/fr\/wp-json\/wp\/v2\/media?parent=395672"}],"wp:term":[{"taxonomy":"product_brand","embeddable":true,"href":"https:\/\/maisoncleo.com\/fr\/wp-json\/wp\/v2\/product_brand?post=395672"},{"taxonomy":"product_cat","embeddable":true,"href":"https:\/\/maisoncleo.com\/fr\/wp-json\/wp\/v2\/product_cat?post=395672"},{"taxonomy":"product_tag","embeddable":true,"href":"https:\/\/maisoncleo.com\/fr\/wp-json\/wp\/v2\/product_tag?post=395672"}],"curies":[{"name":"wp","href":"https:\/\/api.w.org\/{rel}","templated":true}]}}