{"id":395654,"date":"2025-08-17T20:05:55","date_gmt":"2025-08-17T18:05:55","guid":{"rendered":"https:\/\/maisoncleo.com\/?post_type=product&#038;p=395654"},"modified":"2025-11-17T17:03:49","modified_gmt":"2025-11-17T15:03:49","slug":"la-gatee-top-de-maillot-de-bain-bleu-marine-a-pois-blancs-copie","status":"publish","type":"product","link":"https:\/\/maisoncleo.com\/fr\/shop\/la-gatee-top-de-maillot-de-bain-bleu-marine-a-pois-blancs-copie\/","title":{"rendered":"READY-TO-SHIP &#8211; LA G\u00c2T\u00c9E &#8211; Top de maillot de bain bleu marine \u00e0 pois blancs"},"content":{"rendered":"<p><span style=\"font-weight: 400;\">Top de maillot de bain bleu marine \u00e0 pois blancs, forme poitrine demi-lune, liens \u00e0 nouer derri\u00e8re le cou, fermeture crochet dans le dos, dos nu. Fabriqu\u00e9 dans un tissu de maillot de bain en jersey stretch. La mod\u00e8le mesure 1m73 et porte une taille S\/36.<\/span><\/p>\n<p><span style=\"font-weight: 400;\">Look faisant partie de notre d\u00e9fil\u00e9 printemps-\u00e9t\u00e9 2025 \u201cLa G\u00e2t\u00e9e\u201d pr\u00e9sent\u00e9 \u00e0 Marseille le 9 Juin lors de la Slow Fashion Week, ode au Sud de la France et \u00e0 l\u2019esprit proven\u00e7al. <\/span><\/p>\n","protected":false},"excerpt":{"rendered":"<p>Top de maillot de bain bleu marine \u00e0 pois blancs, forme poitrine demi-lune, liens \u00e0 nouer derri\u00e8re le cou, fermeture crochet dans&hellip;<\/p>\n","protected":false},"featured_media":386869,"template":"","meta":[],"product_brand":[],"product_cat":[913],"product_tag":[],"class_list":{"0":"post-395654","1":"product","2":"type-product","3":"status-publish","4":"has-post-thumbnail","6":"product_cat-ready-to-ship","8":"first","9":"outofstock","10":"taxable","11":"shipping-taxable","12":"purchasable","13":"product-type-variable"},"_links":{"self":[{"href":"https:\/\/maisoncleo.com\/fr\/wp-json\/wp\/v2\/product\/395654","targetHints":{"allow":["GET"]}}],"collection":[{"href":"https:\/\/maisoncleo.com\/fr\/wp-json\/wp\/v2\/product"}],"about":[{"href":"https:\/\/maisoncleo.com\/fr\/wp-json\/wp\/v2\/types\/product"}],"version-history":[{"count":2,"href":"https:\/\/maisoncleo.com\/fr\/wp-json\/wp\/v2\/product\/395654\/revisions"}],"predecessor-version":[{"id":395664,"href":"https:\/\/maisoncleo.com\/fr\/wp-json\/wp\/v2\/product\/395654\/revisions\/395664"}],"wp:featuredmedia":[{"embeddable":true,"href":"https:\/\/maisoncleo.com\/fr\/wp-json\/wp\/v2\/media\/386869"}],"wp:attachment":[{"href":"https:\/\/maisoncleo.com\/fr\/wp-json\/wp\/v2\/media?parent=395654"}],"wp:term":[{"taxonomy":"product_brand","embeddable":true,"href":"https:\/\/maisoncleo.com\/fr\/wp-json\/wp\/v2\/product_brand?post=395654"},{"taxonomy":"product_cat","embeddable":true,"href":"https:\/\/maisoncleo.com\/fr\/wp-json\/wp\/v2\/product_cat?post=395654"},{"taxonomy":"product_tag","embeddable":true,"href":"https:\/\/maisoncleo.com\/fr\/wp-json\/wp\/v2\/product_tag?post=395654"}],"curies":[{"name":"wp","href":"https:\/\/api.w.org\/{rel}","templated":true}]}}