{"id":395628,"date":"2025-08-17T20:02:37","date_gmt":"2025-08-17T18:02:37","guid":{"rendered":"https:\/\/maisoncleo.com\/?post_type=product&#038;p=395628"},"modified":"2025-11-17T16:41:29","modified_gmt":"2025-11-17T14:41:29","slug":"gilet-tricote-mohair-vert-clair-stephanie-copie","status":"publish","type":"product","link":"https:\/\/maisoncleo.com\/fr\/shop\/gilet-tricote-mohair-vert-clair-stephanie-copie\/","title":{"rendered":"READY-TO-SHIP &#8211; Gilet tricot\u00e9 mohair vert clair St\u00e9phanie"},"content":{"rendered":"<p>Gilet tricot\u00e9 mohair vert clair, manches courtes, petit col pointu, fermeture par 5 petits boutons avec brides sur le devant.<\/p>\n<p>Mix de mohair doux et laine. Le cardigan tout mignon!<\/p>\n<p>Longueur : 45 cm. La mod\u00e8le mesure 1m68 et porte une taille 34.<\/p>\n","protected":false},"excerpt":{"rendered":"<p>Gilet tricot\u00e9 mohair vert clair, manches courtes, petit col pointu, fermeture par 5 petits boutons avec brides sur le devant. Mix de&hellip;<\/p>\n","protected":false},"featured_media":385514,"template":"","meta":[],"product_brand":[],"product_cat":[913],"product_tag":[],"class_list":{"0":"post-395628","1":"product","2":"type-product","3":"status-publish","4":"has-post-thumbnail","6":"product_cat-ready-to-ship","8":"first","9":"outofstock","10":"taxable","11":"shipping-taxable","12":"purchasable","13":"product-type-variable"},"_links":{"self":[{"href":"https:\/\/maisoncleo.com\/fr\/wp-json\/wp\/v2\/product\/395628","targetHints":{"allow":["GET"]}}],"collection":[{"href":"https:\/\/maisoncleo.com\/fr\/wp-json\/wp\/v2\/product"}],"about":[{"href":"https:\/\/maisoncleo.com\/fr\/wp-json\/wp\/v2\/types\/product"}],"version-history":[{"count":2,"href":"https:\/\/maisoncleo.com\/fr\/wp-json\/wp\/v2\/product\/395628\/revisions"}],"predecessor-version":[{"id":395638,"href":"https:\/\/maisoncleo.com\/fr\/wp-json\/wp\/v2\/product\/395628\/revisions\/395638"}],"wp:featuredmedia":[{"embeddable":true,"href":"https:\/\/maisoncleo.com\/fr\/wp-json\/wp\/v2\/media\/385514"}],"wp:attachment":[{"href":"https:\/\/maisoncleo.com\/fr\/wp-json\/wp\/v2\/media?parent=395628"}],"wp:term":[{"taxonomy":"product_brand","embeddable":true,"href":"https:\/\/maisoncleo.com\/fr\/wp-json\/wp\/v2\/product_brand?post=395628"},{"taxonomy":"product_cat","embeddable":true,"href":"https:\/\/maisoncleo.com\/fr\/wp-json\/wp\/v2\/product_cat?post=395628"},{"taxonomy":"product_tag","embeddable":true,"href":"https:\/\/maisoncleo.com\/fr\/wp-json\/wp\/v2\/product_tag?post=395628"}],"curies":[{"name":"wp","href":"https:\/\/api.w.org\/{rel}","templated":true}]}}