{"id":395610,"date":"2025-08-17T20:00:44","date_gmt":"2025-08-17T18:00:44","guid":{"rendered":"https:\/\/maisoncleo.com\/?post_type=product&#038;p=395610"},"modified":"2025-11-17T16:35:18","modified_gmt":"2025-11-17T14:35:18","slug":"robe-jersey-leopard-miley-copie","status":"publish","type":"product","link":"https:\/\/maisoncleo.com\/fr\/shop\/robe-jersey-leopard-miley-copie\/","title":{"rendered":"READY-TO-SHIP &#8211; Robe jersey leopard MILEY"},"content":{"rendered":"<p><span style=\"font-weight: 400;\">Robe l\u00e9opard moulante en jersey l\u00e9opard. Larges bretelles, d\u00e9collet\u00e9 en carr\u00e9, d\u00e9coupes sur le devant.<\/span><\/p>\n<p><span style=\"font-weight: 400;\">Tissu en jersey de l\u00e9opard fin.<\/span><\/p>\n<p><span style=\"font-weight: 400;\">Longueur du milieu dos : 75 cm.<\/span><\/p>\n<p><span style=\"font-weight: 400;\">La mod\u00e8le mesure 1,72 m.<\/span><\/p>\n","protected":false},"excerpt":{"rendered":"<p>Robe l\u00e9opard moulante en jersey l\u00e9opard. Larges bretelles, d\u00e9collet\u00e9 en carr\u00e9, d\u00e9coupes sur le devant. Tissu en jersey de l\u00e9opard fin. Longueur&hellip;<\/p>\n","protected":false},"featured_media":371159,"template":"","meta":[],"product_brand":[],"product_cat":[913],"product_tag":[],"class_list":{"0":"post-395610","1":"product","2":"type-product","3":"status-publish","4":"has-post-thumbnail","6":"product_cat-ready-to-ship","8":"first","9":"outofstock","10":"taxable","11":"shipping-taxable","12":"purchasable","13":"product-type-variable"},"_links":{"self":[{"href":"https:\/\/maisoncleo.com\/fr\/wp-json\/wp\/v2\/product\/395610","targetHints":{"allow":["GET"]}}],"collection":[{"href":"https:\/\/maisoncleo.com\/fr\/wp-json\/wp\/v2\/product"}],"about":[{"href":"https:\/\/maisoncleo.com\/fr\/wp-json\/wp\/v2\/types\/product"}],"version-history":[{"count":2,"href":"https:\/\/maisoncleo.com\/fr\/wp-json\/wp\/v2\/product\/395610\/revisions"}],"predecessor-version":[{"id":395620,"href":"https:\/\/maisoncleo.com\/fr\/wp-json\/wp\/v2\/product\/395610\/revisions\/395620"}],"wp:featuredmedia":[{"embeddable":true,"href":"https:\/\/maisoncleo.com\/fr\/wp-json\/wp\/v2\/media\/371159"}],"wp:attachment":[{"href":"https:\/\/maisoncleo.com\/fr\/wp-json\/wp\/v2\/media?parent=395610"}],"wp:term":[{"taxonomy":"product_brand","embeddable":true,"href":"https:\/\/maisoncleo.com\/fr\/wp-json\/wp\/v2\/product_brand?post=395610"},{"taxonomy":"product_cat","embeddable":true,"href":"https:\/\/maisoncleo.com\/fr\/wp-json\/wp\/v2\/product_cat?post=395610"},{"taxonomy":"product_tag","embeddable":true,"href":"https:\/\/maisoncleo.com\/fr\/wp-json\/wp\/v2\/product_tag?post=395610"}],"curies":[{"name":"wp","href":"https:\/\/api.w.org\/{rel}","templated":true}]}}