{"id":395461,"date":"2025-11-16T08:48:25","date_gmt":"2025-11-16T06:48:25","guid":{"rendered":"https:\/\/maisoncleo.com\/?post_type=product&#038;p=395461"},"modified":"2026-04-07T12:12:59","modified_gmt":"2026-04-07T10:12:59","slug":"robe-chinoise-jen-boutonnee-en-soie-marron-imprimee-copy","status":"publish","type":"product","link":"https:\/\/maisoncleo.com\/fr\/shop\/robe-chinoise-jen-boutonnee-en-soie-marron-imprimee-copy\/","title":{"rendered":"Robe JEN boutonn\u00e9e en soie argent\u00e9e sakura fleurs de cerisier"},"content":{"rendered":"<p>Robe chinoise boutonn\u00e9e en soie argent\u00e9e sakura fleurs de cerisier. Tissu argent\u00e9e brillant.<\/p>\n<p>Manches courtes, col ouvert, enti\u00e8rement boutonn\u00e9e sur le c\u00f4t\u00e9 avec des boutons noirs. Finition en satin duchesse noir sur les bords, fente c\u00f4t\u00e9.<\/p>\n<p>Vous pouvez demander plus de longueur ou une fente moins profonde dans la case commentaires au niveau du panier.<\/p>\n<p>La mod\u00e8le mesure 170 cm et porte une taille XS-34.<\/p>\n<p>Longueur= 87 cm. Longueur de fente= 20 cm.<\/p>\n","protected":false},"excerpt":{"rendered":"<p>Robe chinoise boutonn\u00e9e en soie argent\u00e9e sakura fleurs de cerisier. Tissu argent\u00e9e brillant. Manches courtes, col ouvert, enti\u00e8rement boutonn\u00e9e sur le c\u00f4t\u00e9&hellip;<\/p>\n","protected":false},"featured_media":395483,"template":"","meta":[],"product_brand":[],"product_cat":[668,664,661],"product_tag":[],"class_list":{"0":"post-395461","1":"product","2":"type-product","3":"status-publish","4":"has-post-thumbnail","6":"product_cat-capsule","7":"product_cat-robes","8":"product_cat-tout-voir","10":"first","11":"instock","12":"taxable","13":"shipping-taxable","14":"purchasable","15":"product-type-variable"},"_links":{"self":[{"href":"https:\/\/maisoncleo.com\/fr\/wp-json\/wp\/v2\/product\/395461","targetHints":{"allow":["GET"]}}],"collection":[{"href":"https:\/\/maisoncleo.com\/fr\/wp-json\/wp\/v2\/product"}],"about":[{"href":"https:\/\/maisoncleo.com\/fr\/wp-json\/wp\/v2\/types\/product"}],"version-history":[{"count":1,"href":"https:\/\/maisoncleo.com\/fr\/wp-json\/wp\/v2\/product\/395461\/revisions"}],"predecessor-version":[{"id":395515,"href":"https:\/\/maisoncleo.com\/fr\/wp-json\/wp\/v2\/product\/395461\/revisions\/395515"}],"wp:featuredmedia":[{"embeddable":true,"href":"https:\/\/maisoncleo.com\/fr\/wp-json\/wp\/v2\/media\/395483"}],"wp:attachment":[{"href":"https:\/\/maisoncleo.com\/fr\/wp-json\/wp\/v2\/media?parent=395461"}],"wp:term":[{"taxonomy":"product_brand","embeddable":true,"href":"https:\/\/maisoncleo.com\/fr\/wp-json\/wp\/v2\/product_brand?post=395461"},{"taxonomy":"product_cat","embeddable":true,"href":"https:\/\/maisoncleo.com\/fr\/wp-json\/wp\/v2\/product_cat?post=395461"},{"taxonomy":"product_tag","embeddable":true,"href":"https:\/\/maisoncleo.com\/fr\/wp-json\/wp\/v2\/product_tag?post=395461"}],"curies":[{"name":"wp","href":"https:\/\/api.w.org\/{rel}","templated":true}]}}