{"id":395436,"date":"2025-11-16T08:36:09","date_gmt":"2025-11-16T06:36:09","guid":{"rendered":"https:\/\/maisoncleo.com\/?post_type=product&#038;p=395436"},"modified":"2025-11-26T10:43:00","modified_gmt":"2025-11-26T08:43:00","slug":"jupe-mi-longue-poil-noir-paillettes-roxy-copy","status":"publish","type":"product","link":"https:\/\/maisoncleo.com\/fr\/shop\/jupe-mi-longue-poil-noir-paillettes-roxy-copy\/","title":{"rendered":"T-shirt poil noires maille \u00e0 paillettes LOU"},"content":{"rendered":"<p>T-shirt manches courtes poil noir paillettes. Sublime tissu en maille \u00e0 poil de Haute-Couture brillant \u00e0 paillettes opaque. Cintr\u00e9, stretch.<\/p>\n<p>Longueur= 53 cm.<\/p>\n<p>La mod\u00e8le mesure 170 cm et porte une taille XS-34.<\/p>\n","protected":false},"excerpt":{"rendered":"<p>T-shirt manches courtes poil noir paillettes. Sublime tissu en maille \u00e0 poil de Haute-Couture brillant \u00e0 paillettes opaque. Cintr\u00e9, stretch. Longueur= 53&hellip;<\/p>\n","protected":false},"featured_media":395406,"template":"","meta":[],"product_brand":[],"product_cat":[668,674,661],"product_tag":[],"class_list":{"0":"post-395436","1":"product","2":"type-product","3":"status-publish","4":"has-post-thumbnail","6":"product_cat-capsule","7":"product_cat-tops","8":"product_cat-tout-voir","10":"first","11":"instock","12":"taxable","13":"shipping-taxable","14":"purchasable","15":"product-type-variable"},"_links":{"self":[{"href":"https:\/\/maisoncleo.com\/fr\/wp-json\/wp\/v2\/product\/395436","targetHints":{"allow":["GET"]}}],"collection":[{"href":"https:\/\/maisoncleo.com\/fr\/wp-json\/wp\/v2\/product"}],"about":[{"href":"https:\/\/maisoncleo.com\/fr\/wp-json\/wp\/v2\/types\/product"}],"version-history":[{"count":1,"href":"https:\/\/maisoncleo.com\/fr\/wp-json\/wp\/v2\/product\/395436\/revisions"}],"predecessor-version":[{"id":395450,"href":"https:\/\/maisoncleo.com\/fr\/wp-json\/wp\/v2\/product\/395436\/revisions\/395450"}],"wp:featuredmedia":[{"embeddable":true,"href":"https:\/\/maisoncleo.com\/fr\/wp-json\/wp\/v2\/media\/395406"}],"wp:attachment":[{"href":"https:\/\/maisoncleo.com\/fr\/wp-json\/wp\/v2\/media?parent=395436"}],"wp:term":[{"taxonomy":"product_brand","embeddable":true,"href":"https:\/\/maisoncleo.com\/fr\/wp-json\/wp\/v2\/product_brand?post=395436"},{"taxonomy":"product_cat","embeddable":true,"href":"https:\/\/maisoncleo.com\/fr\/wp-json\/wp\/v2\/product_cat?post=395436"},{"taxonomy":"product_tag","embeddable":true,"href":"https:\/\/maisoncleo.com\/fr\/wp-json\/wp\/v2\/product_tag?post=395436"}],"curies":[{"name":"wp","href":"https:\/\/api.w.org\/{rel}","templated":true}]}}