{"id":395285,"date":"2025-11-16T07:29:05","date_gmt":"2025-11-16T05:29:05","guid":{"rendered":"https:\/\/maisoncleo.com\/?post_type=product&#038;p=395285"},"modified":"2025-12-29T19:41:24","modified_gmt":"2025-12-29T17:41:24","slug":"robe-longue-en-dentelle-fleurie-avec-fente-et-decollete-arrondi-tia-copy","status":"publish","type":"product","link":"https:\/\/maisoncleo.com\/fr\/shop\/robe-longue-en-dentelle-fleurie-avec-fente-et-decollete-arrondi-tia-copy\/","title":{"rendered":"T-shirt manches longues en dentelle fleurie d\u00e9collet\u00e9 arrondi AMELIE"},"content":{"rendered":"<p>T-shirt manches longues en dentelle fleurie avec d\u00e9collet\u00e9 arrondi. Manches longues, cintr\u00e9, stretch.<\/p>\n<p>Longueur : 50 cm depuis milieu dos.<\/p>\n<p><span style=\"font-weight: 400;\">La mod\u00e8le mesure 170m et porte une taille XS-34.<\/span><\/p>\n","protected":false},"excerpt":{"rendered":"<p>T-shirt manches longues en dentelle fleurie avec d\u00e9collet\u00e9 arrondi. Manches longues, cintr\u00e9, stretch. Longueur : 50 cm depuis milieu dos. La mod\u00e8le&hellip;<\/p>\n","protected":false},"featured_media":395313,"template":"","meta":[],"product_brand":[],"product_cat":[668,674,661],"product_tag":[],"class_list":{"0":"post-395285","1":"product","2":"type-product","3":"status-publish","4":"has-post-thumbnail","6":"product_cat-capsule","7":"product_cat-tops","8":"product_cat-tout-voir","10":"first","11":"instock","12":"taxable","13":"shipping-taxable","14":"purchasable","15":"product-type-variable"},"_links":{"self":[{"href":"https:\/\/maisoncleo.com\/fr\/wp-json\/wp\/v2\/product\/395285","targetHints":{"allow":["GET"]}}],"collection":[{"href":"https:\/\/maisoncleo.com\/fr\/wp-json\/wp\/v2\/product"}],"about":[{"href":"https:\/\/maisoncleo.com\/fr\/wp-json\/wp\/v2\/types\/product"}],"version-history":[{"count":1,"href":"https:\/\/maisoncleo.com\/fr\/wp-json\/wp\/v2\/product\/395285\/revisions"}],"predecessor-version":[{"id":395329,"href":"https:\/\/maisoncleo.com\/fr\/wp-json\/wp\/v2\/product\/395285\/revisions\/395329"}],"wp:featuredmedia":[{"embeddable":true,"href":"https:\/\/maisoncleo.com\/fr\/wp-json\/wp\/v2\/media\/395313"}],"wp:attachment":[{"href":"https:\/\/maisoncleo.com\/fr\/wp-json\/wp\/v2\/media?parent=395285"}],"wp:term":[{"taxonomy":"product_brand","embeddable":true,"href":"https:\/\/maisoncleo.com\/fr\/wp-json\/wp\/v2\/product_brand?post=395285"},{"taxonomy":"product_cat","embeddable":true,"href":"https:\/\/maisoncleo.com\/fr\/wp-json\/wp\/v2\/product_cat?post=395285"},{"taxonomy":"product_tag","embeddable":true,"href":"https:\/\/maisoncleo.com\/fr\/wp-json\/wp\/v2\/product_tag?post=395285"}],"curies":[{"name":"wp","href":"https:\/\/api.w.org\/{rel}","templated":true}]}}