{"id":395263,"date":"2025-11-15T23:24:20","date_gmt":"2025-11-15T21:24:20","guid":{"rendered":"https:\/\/maisoncleo.com\/?post_type=product&#038;p=395263"},"modified":"2025-12-29T19:41:24","modified_gmt":"2025-12-29T17:41:24","slug":"la-garnoule-mini-jupe-abat-jour-prince-de-galles-en-laine-copy-copy","status":"publish","type":"product","link":"https:\/\/maisoncleo.com\/fr\/shop\/la-garnoule-mini-jupe-abat-jour-prince-de-galles-en-laine-copy-copy\/","title":{"rendered":"Mini jupe abat-jour en soie duchesse noir Marguerite"},"content":{"rendered":"<p><span style=\"font-weight: 400;\">Notre mini jupe favorite en forme d\u2019abat-jour avec sa culotte int\u00e9gr\u00e9e! Fabriqu\u00e9e dans une soi duchesse noire. Taille \u00e9lastiqu\u00e9e. A porter avec ou sans collants gr\u00e2ce \u00e0 sa confortable culotte associ\u00e9e &lt;3 Longueur : 31 cm<\/span><\/p>\n<p><span style=\"font-weight: 400;\">La mod\u00e8le mesure 1,70m et porte une taille XS-34.<\/span><\/p>\n<p><span style=\"font-weight: 400;\">Comme tout est fabriqu\u00e9 \u00e0 la commande, vous pouvez demander la longueur que vous souhaitez.<\/span><\/p>\n","protected":false},"excerpt":{"rendered":"<p>Notre mini jupe favorite en forme d\u2019abat-jour avec sa culotte int\u00e9gr\u00e9e! Fabriqu\u00e9e dans une soi duchesse noire. Taille \u00e9lastiqu\u00e9e. A porter avec&hellip;<\/p>\n","protected":false},"featured_media":395232,"template":"","meta":[],"product_brand":[],"product_cat":[672,668,661],"product_tag":[],"class_list":{"0":"post-395263","1":"product","2":"type-product","3":"status-publish","4":"has-post-thumbnail","6":"product_cat-jupes","7":"product_cat-capsule","8":"product_cat-tout-voir","10":"first","11":"instock","12":"taxable","13":"shipping-taxable","14":"purchasable","15":"product-type-variable"},"_links":{"self":[{"href":"https:\/\/maisoncleo.com\/fr\/wp-json\/wp\/v2\/product\/395263","targetHints":{"allow":["GET"]}}],"collection":[{"href":"https:\/\/maisoncleo.com\/fr\/wp-json\/wp\/v2\/product"}],"about":[{"href":"https:\/\/maisoncleo.com\/fr\/wp-json\/wp\/v2\/types\/product"}],"version-history":[{"count":1,"href":"https:\/\/maisoncleo.com\/fr\/wp-json\/wp\/v2\/product\/395263\/revisions"}],"predecessor-version":[{"id":395270,"href":"https:\/\/maisoncleo.com\/fr\/wp-json\/wp\/v2\/product\/395263\/revisions\/395270"}],"wp:featuredmedia":[{"embeddable":true,"href":"https:\/\/maisoncleo.com\/fr\/wp-json\/wp\/v2\/media\/395232"}],"wp:attachment":[{"href":"https:\/\/maisoncleo.com\/fr\/wp-json\/wp\/v2\/media?parent=395263"}],"wp:term":[{"taxonomy":"product_brand","embeddable":true,"href":"https:\/\/maisoncleo.com\/fr\/wp-json\/wp\/v2\/product_brand?post=395263"},{"taxonomy":"product_cat","embeddable":true,"href":"https:\/\/maisoncleo.com\/fr\/wp-json\/wp\/v2\/product_cat?post=395263"},{"taxonomy":"product_tag","embeddable":true,"href":"https:\/\/maisoncleo.com\/fr\/wp-json\/wp\/v2\/product_tag?post=395263"}],"curies":[{"name":"wp","href":"https:\/\/api.w.org\/{rel}","templated":true}]}}