{"id":395184,"date":"2025-11-15T22:53:34","date_gmt":"2025-11-15T20:53:34","guid":{"rendered":"https:\/\/maisoncleo.com\/?post_type=product&#038;p=395184"},"modified":"2026-02-01T21:07:45","modified_gmt":"2026-02-01T19:07:45","slug":"robe-janie-babydoll-en-coton-provencal-fleuri-copy-2","status":"publish","type":"product","link":"https:\/\/maisoncleo.com\/fr\/shop\/robe-janie-babydoll-en-coton-provencal-fleuri-copy-2\/","title":{"rendered":"Robe Judith babydoll en soie duchesse noire et noeud en soie \u00e9cru"},"content":{"rendered":"<p>Robe Judith babydoll en soie duchesse noire et noeud en soie \u00e9cru \u00e0 nouer sur le devant. Coupe babydoll oversize, petites manches bouffantes, goutte \u00e0 boutonner dans le haut du dos.<\/p>\n<p>100% soie.<\/p>\n<p>Longueur : 84 cm depuis la couture \u00e9paule. Comme nous fabriquons \u00e0 la commande, vous pouvez nous indiquer la longueur que vous souhaitez dans l&rsquo;espace commentaires au moment du paiement.<\/p>\n<p>La mod\u00e8le mesure 1m70 et porte une taille XS-34.<\/p>\n","protected":false},"excerpt":{"rendered":"<p>Robe Judith babydoll en soie duchesse noire et noeud en soie \u00e9cru \u00e0 nouer sur le devant. Coupe babydoll oversize, petites manches&hellip;<\/p>\n","protected":false},"featured_media":395194,"template":"","meta":[],"product_brand":[],"product_cat":[668,664,661],"product_tag":[],"class_list":{"0":"post-395184","1":"product","2":"type-product","3":"status-publish","4":"has-post-thumbnail","6":"product_cat-capsule","7":"product_cat-robes","8":"product_cat-tout-voir","10":"first","11":"instock","12":"taxable","13":"shipping-taxable","14":"purchasable","15":"product-type-variable"},"_links":{"self":[{"href":"https:\/\/maisoncleo.com\/fr\/wp-json\/wp\/v2\/product\/395184","targetHints":{"allow":["GET"]}}],"collection":[{"href":"https:\/\/maisoncleo.com\/fr\/wp-json\/wp\/v2\/product"}],"about":[{"href":"https:\/\/maisoncleo.com\/fr\/wp-json\/wp\/v2\/types\/product"}],"version-history":[{"count":1,"href":"https:\/\/maisoncleo.com\/fr\/wp-json\/wp\/v2\/product\/395184\/revisions"}],"predecessor-version":[{"id":395216,"href":"https:\/\/maisoncleo.com\/fr\/wp-json\/wp\/v2\/product\/395184\/revisions\/395216"}],"wp:featuredmedia":[{"embeddable":true,"href":"https:\/\/maisoncleo.com\/fr\/wp-json\/wp\/v2\/media\/395194"}],"wp:attachment":[{"href":"https:\/\/maisoncleo.com\/fr\/wp-json\/wp\/v2\/media?parent=395184"}],"wp:term":[{"taxonomy":"product_brand","embeddable":true,"href":"https:\/\/maisoncleo.com\/fr\/wp-json\/wp\/v2\/product_brand?post=395184"},{"taxonomy":"product_cat","embeddable":true,"href":"https:\/\/maisoncleo.com\/fr\/wp-json\/wp\/v2\/product_cat?post=395184"},{"taxonomy":"product_tag","embeddable":true,"href":"https:\/\/maisoncleo.com\/fr\/wp-json\/wp\/v2\/product_tag?post=395184"}],"curies":[{"name":"wp","href":"https:\/\/api.w.org\/{rel}","templated":true}]}}