{"id":395116,"date":"2025-11-15T22:36:17","date_gmt":"2025-11-15T20:36:17","guid":{"rendered":"https:\/\/maisoncleo.com\/?post_type=product&#038;p=395116"},"modified":"2025-11-16T10:03:33","modified_gmt":"2025-11-16T08:03:33","slug":"robe-rouge-asymetrique-a-bretelles-avec-volants-amanda-copy","status":"publish","type":"product","link":"https:\/\/maisoncleo.com\/fr\/shop\/robe-rouge-asymetrique-a-bretelles-avec-volants-amanda-copy\/","title":{"rendered":"Robe longue en dentelle fleurie avec fente et d\u00e9collet\u00e9 arrondi Tia"},"content":{"rendered":"<p>Robe longue en dentelle fleurie avec fente et d\u00e9collet\u00e9 arrondi. Manches longues, cintr\u00e9e, stretch, doublure noire opaque.<\/p>\n<p>Longueur : 128 cm depuis la couture \u00e9paule. Comme nous fabriquons \u00e0 la commande, vous pouvez \u00e9crire la longueur souhait\u00e9e dans l&rsquo;espace commentaires au moment du paiement.<\/p>\n<p><span style=\"font-weight: 400;\">La mod\u00e8le mesure 170m et porte une taille XS-34.<\/span><\/p>\n","protected":false},"excerpt":{"rendered":"<p>Robe longue en dentelle fleurie avec fente et d\u00e9collet\u00e9 arrondi. Manches longues, cintr\u00e9e, stretch, doublure noire opaque. Longueur : 128 cm depuis&hellip;<\/p>\n","protected":false},"featured_media":395152,"template":"","meta":[],"product_brand":[],"product_cat":[668,664,661],"product_tag":[],"class_list":{"0":"post-395116","1":"product","2":"type-product","3":"status-publish","4":"has-post-thumbnail","6":"product_cat-capsule","7":"product_cat-robes","8":"product_cat-tout-voir","10":"first","11":"outofstock","12":"taxable","13":"shipping-taxable","14":"purchasable","15":"product-type-variable"},"_links":{"self":[{"href":"https:\/\/maisoncleo.com\/fr\/wp-json\/wp\/v2\/product\/395116","targetHints":{"allow":["GET"]}}],"collection":[{"href":"https:\/\/maisoncleo.com\/fr\/wp-json\/wp\/v2\/product"}],"about":[{"href":"https:\/\/maisoncleo.com\/fr\/wp-json\/wp\/v2\/types\/product"}],"version-history":[{"count":1,"href":"https:\/\/maisoncleo.com\/fr\/wp-json\/wp\/v2\/product\/395116\/revisions"}],"predecessor-version":[{"id":395176,"href":"https:\/\/maisoncleo.com\/fr\/wp-json\/wp\/v2\/product\/395116\/revisions\/395176"}],"wp:featuredmedia":[{"embeddable":true,"href":"https:\/\/maisoncleo.com\/fr\/wp-json\/wp\/v2\/media\/395152"}],"wp:attachment":[{"href":"https:\/\/maisoncleo.com\/fr\/wp-json\/wp\/v2\/media?parent=395116"}],"wp:term":[{"taxonomy":"product_brand","embeddable":true,"href":"https:\/\/maisoncleo.com\/fr\/wp-json\/wp\/v2\/product_brand?post=395116"},{"taxonomy":"product_cat","embeddable":true,"href":"https:\/\/maisoncleo.com\/fr\/wp-json\/wp\/v2\/product_cat?post=395116"},{"taxonomy":"product_tag","embeddable":true,"href":"https:\/\/maisoncleo.com\/fr\/wp-json\/wp\/v2\/product_tag?post=395116"}],"curies":[{"name":"wp","href":"https:\/\/api.w.org\/{rel}","templated":true}]}}