{"id":395051,"date":"2025-11-15T22:07:16","date_gmt":"2025-11-15T20:07:16","guid":{"rendered":"https:\/\/maisoncleo.com\/?post_type=product&#038;p=395051"},"modified":"2025-11-16T10:00:26","modified_gmt":"2025-11-16T08:00:26","slug":"fw22-runway-look-7-jupe-mi-longue-en-velours-marron-fleurie-roxane-copy","status":"publish","type":"product","link":"https:\/\/maisoncleo.com\/fr\/shop\/fw22-runway-look-7-jupe-mi-longue-en-velours-marron-fleurie-roxane-copy\/","title":{"rendered":"Jupe mi-longue en velours gris \u00e0 motifs ROXANE"},"content":{"rendered":"<p>Jupe mi-longue en velours gris \u00e0 motifs. Taille mi-haute. Fermeture \u00e9clair dans le dos. 100% velours de coton l\u00e9ger.<\/p>\n<p>Comme tout est fait sur commande, vous pouvez demander la longueur que vous souhaitez.<\/p>\n<p>Longueur standard \u00e0 plat : 48 cm.<\/p>\n<p>La mod\u00e8le mesure 170 cm et porte une taille XS-34.<\/p>\n","protected":false},"excerpt":{"rendered":"<p>Jupe mi-longue en velours gris \u00e0 motifs. Taille mi-haute. Fermeture \u00e9clair dans le dos. 100% velours de coton l\u00e9ger. Comme tout est&hellip;<\/p>\n","protected":false},"featured_media":395063,"template":"","meta":[],"product_brand":[],"product_cat":[672,668,661],"product_tag":[],"class_list":{"0":"post-395051","1":"product","2":"type-product","3":"status-publish","4":"has-post-thumbnail","6":"product_cat-jupes","7":"product_cat-capsule","8":"product_cat-tout-voir","10":"first","11":"instock","12":"taxable","13":"shipping-taxable","14":"purchasable","15":"product-type-variable"},"_links":{"self":[{"href":"https:\/\/maisoncleo.com\/fr\/wp-json\/wp\/v2\/product\/395051","targetHints":{"allow":["GET"]}}],"collection":[{"href":"https:\/\/maisoncleo.com\/fr\/wp-json\/wp\/v2\/product"}],"about":[{"href":"https:\/\/maisoncleo.com\/fr\/wp-json\/wp\/v2\/types\/product"}],"version-history":[{"count":1,"href":"https:\/\/maisoncleo.com\/fr\/wp-json\/wp\/v2\/product\/395051\/revisions"}],"predecessor-version":[{"id":395085,"href":"https:\/\/maisoncleo.com\/fr\/wp-json\/wp\/v2\/product\/395051\/revisions\/395085"}],"wp:featuredmedia":[{"embeddable":true,"href":"https:\/\/maisoncleo.com\/fr\/wp-json\/wp\/v2\/media\/395063"}],"wp:attachment":[{"href":"https:\/\/maisoncleo.com\/fr\/wp-json\/wp\/v2\/media?parent=395051"}],"wp:term":[{"taxonomy":"product_brand","embeddable":true,"href":"https:\/\/maisoncleo.com\/fr\/wp-json\/wp\/v2\/product_brand?post=395051"},{"taxonomy":"product_cat","embeddable":true,"href":"https:\/\/maisoncleo.com\/fr\/wp-json\/wp\/v2\/product_cat?post=395051"},{"taxonomy":"product_tag","embeddable":true,"href":"https:\/\/maisoncleo.com\/fr\/wp-json\/wp\/v2\/product_tag?post=395051"}],"curies":[{"name":"wp","href":"https:\/\/api.w.org\/{rel}","templated":true}]}}