{"id":395029,"date":"2025-11-15T22:00:35","date_gmt":"2025-11-15T20:00:35","guid":{"rendered":"https:\/\/maisoncleo.com\/?post_type=product&#038;p=395029"},"modified":"2026-04-06T14:59:06","modified_gmt":"2026-04-06T12:59:06","slug":"blouse-julia-marron-chocolat-a-pois-en-coton-avec-broderies-et-boutons-nacres-copy","status":"publish","type":"product","link":"https:\/\/maisoncleo.com\/fr\/shop\/blouse-julia-marron-chocolat-a-pois-en-coton-avec-broderies-et-boutons-nacres-copy\/","title":{"rendered":"Blouse Julia en soie duchesse noir avec broderies et boutons nacr\u00e9s"},"content":{"rendered":"<p><span style=\"font-weight: 400;\">Blouse en soie duchesse noir, ajust\u00e9e, fermeture \u00e0 l\u2019aide de trois boutons nacr\u00e9s sur le devant, d\u00e9collet\u00e9 en carr\u00e9 agr\u00e9ment\u00e9 de broderie anglaise. 100% coton. La mod\u00e8le mesure 1m70 et porte une taille XS-34.<\/span><\/p>\n","protected":false},"excerpt":{"rendered":"<p>Blouse en soie duchesse noir, ajust\u00e9e, fermeture \u00e0 l\u2019aide de trois boutons nacr\u00e9s sur le devant, d\u00e9collet\u00e9 en carr\u00e9 agr\u00e9ment\u00e9 de broderie&hellip;<\/p>\n","protected":false},"featured_media":395002,"template":"","meta":[],"product_brand":[],"product_cat":[663,668,661],"product_tag":[],"class_list":{"0":"post-395029","1":"product","2":"type-product","3":"status-publish","4":"has-post-thumbnail","6":"product_cat-blouses","7":"product_cat-capsule","8":"product_cat-tout-voir","10":"first","11":"instock","12":"taxable","13":"shipping-taxable","14":"purchasable","15":"product-type-variable"},"_links":{"self":[{"href":"https:\/\/maisoncleo.com\/fr\/wp-json\/wp\/v2\/product\/395029","targetHints":{"allow":["GET"]}}],"collection":[{"href":"https:\/\/maisoncleo.com\/fr\/wp-json\/wp\/v2\/product"}],"about":[{"href":"https:\/\/maisoncleo.com\/fr\/wp-json\/wp\/v2\/types\/product"}],"version-history":[{"count":1,"href":"https:\/\/maisoncleo.com\/fr\/wp-json\/wp\/v2\/product\/395029\/revisions"}],"predecessor-version":[{"id":395043,"href":"https:\/\/maisoncleo.com\/fr\/wp-json\/wp\/v2\/product\/395029\/revisions\/395043"}],"wp:featuredmedia":[{"embeddable":true,"href":"https:\/\/maisoncleo.com\/fr\/wp-json\/wp\/v2\/media\/395002"}],"wp:attachment":[{"href":"https:\/\/maisoncleo.com\/fr\/wp-json\/wp\/v2\/media?parent=395029"}],"wp:term":[{"taxonomy":"product_brand","embeddable":true,"href":"https:\/\/maisoncleo.com\/fr\/wp-json\/wp\/v2\/product_brand?post=395029"},{"taxonomy":"product_cat","embeddable":true,"href":"https:\/\/maisoncleo.com\/fr\/wp-json\/wp\/v2\/product_cat?post=395029"},{"taxonomy":"product_tag","embeddable":true,"href":"https:\/\/maisoncleo.com\/fr\/wp-json\/wp\/v2\/product_tag?post=395029"}],"curies":[{"name":"wp","href":"https:\/\/api.w.org\/{rel}","templated":true}]}}