{"id":394931,"date":"2025-11-15T21:22:32","date_gmt":"2025-11-15T19:22:32","guid":{"rendered":"https:\/\/maisoncleo.com\/?post_type=product&#038;p=394931"},"modified":"2025-11-16T10:36:24","modified_gmt":"2025-11-16T08:36:24","slug":"robe-leopard-asymetrique-a-bretelles-avec-volants-amanda-copy-2","status":"publish","type":"product","link":"https:\/\/maisoncleo.com\/fr\/shop\/robe-leopard-asymetrique-a-bretelles-avec-volants-amanda-copy-2\/","title":{"rendered":"Robe rouge asym\u00e9trique \u00e0 bretelles avec volants Amanda"},"content":{"rendered":"<p><span style=\"font-weight: 400;\">Robe rouge asym\u00e9trique \u00e0 bretelles, tissu en jersey de coton, doux et agr\u00e9able \u00e0 porter. Agr\u00e9ment\u00e9e de volants sur bords roulott\u00e9s rouges. Longueur c\u00f4t\u00e9 le plus court en portant du haut des bretelles : 71 cm, longueur c\u00f4t\u00e9 le plus long : 108 cm.<\/span><\/p>\n<p><span style=\"font-weight: 400;\">La mod\u00e8le mesure 170m et porte une taille XS-34.<\/span><\/p>\n","protected":false},"excerpt":{"rendered":"<p>Robe rouge asym\u00e9trique \u00e0 bretelles, tissu en jersey de coton, doux et agr\u00e9able \u00e0 porter. Agr\u00e9ment\u00e9e de volants sur bords roulott\u00e9s rouges.&hellip;<\/p>\n","protected":false},"featured_media":394949,"template":"","meta":[],"product_brand":[],"product_cat":[668,664,661],"product_tag":[],"class_list":{"0":"post-394931","1":"product","2":"type-product","3":"status-publish","4":"has-post-thumbnail","6":"product_cat-capsule","7":"product_cat-robes","8":"product_cat-tout-voir","10":"first","11":"outofstock","12":"taxable","13":"shipping-taxable","14":"purchasable","15":"product-type-variable"},"_links":{"self":[{"href":"https:\/\/maisoncleo.com\/fr\/wp-json\/wp\/v2\/product\/394931","targetHints":{"allow":["GET"]}}],"collection":[{"href":"https:\/\/maisoncleo.com\/fr\/wp-json\/wp\/v2\/product"}],"about":[{"href":"https:\/\/maisoncleo.com\/fr\/wp-json\/wp\/v2\/types\/product"}],"version-history":[{"count":2,"href":"https:\/\/maisoncleo.com\/fr\/wp-json\/wp\/v2\/product\/394931\/revisions"}],"predecessor-version":[{"id":395585,"href":"https:\/\/maisoncleo.com\/fr\/wp-json\/wp\/v2\/product\/394931\/revisions\/395585"}],"wp:featuredmedia":[{"embeddable":true,"href":"https:\/\/maisoncleo.com\/fr\/wp-json\/wp\/v2\/media\/394949"}],"wp:attachment":[{"href":"https:\/\/maisoncleo.com\/fr\/wp-json\/wp\/v2\/media?parent=394931"}],"wp:term":[{"taxonomy":"product_brand","embeddable":true,"href":"https:\/\/maisoncleo.com\/fr\/wp-json\/wp\/v2\/product_brand?post=394931"},{"taxonomy":"product_cat","embeddable":true,"href":"https:\/\/maisoncleo.com\/fr\/wp-json\/wp\/v2\/product_cat?post=394931"},{"taxonomy":"product_tag","embeddable":true,"href":"https:\/\/maisoncleo.com\/fr\/wp-json\/wp\/v2\/product_tag?post=394931"}],"curies":[{"name":"wp","href":"https:\/\/api.w.org\/{rel}","templated":true}]}}