{"id":394909,"date":"2025-08-13T19:40:50","date_gmt":"2025-08-13T17:40:50","guid":{"rendered":"https:\/\/maisoncleo.com\/?post_type=product&#038;p=394909"},"modified":"2025-11-13T18:06:30","modified_gmt":"2025-11-13T16:06:30","slug":"robe-felisa-longue-dos-nu-en-soie-texturee-ecrue-avec-volants-copie","status":"publish","type":"product","link":"https:\/\/maisoncleo.com\/fr\/shop\/robe-felisa-longue-dos-nu-en-soie-texturee-ecrue-avec-volants-copie\/","title":{"rendered":"READY-TO-SHIP &#8211; Robe FELISA longue dos nu en soie textur\u00e9e \u00e9crue avec volants"},"content":{"rendered":"<p>Robe longue dos nu en soie textur\u00e9e avec volants.<\/p>\n<p>Votre robe pr\u00e9f\u00e9r\u00e9e est de retour dans une nouvelle longueur, en version longue. Un r\u00eave!<\/p>\n<p>Longs volants dans le dos tombants de chaque c\u00f4t\u00e9. D\u00e9tails volants sur le tour de cou et les ourlets, finition bourdon. Fermeture \u00e0 un bouton. 100% soie \u00e9crue textur\u00e9e. Doubl\u00e9e en soie du m\u00eame ton.<\/p>\n<p>Photo port\u00e9e : Une de nos mari\u00e9es Martha dans la version longue en coton.<\/p>\n","protected":false},"excerpt":{"rendered":"<p>Robe longue dos nu en soie textur\u00e9e avec volants. Votre robe pr\u00e9f\u00e9r\u00e9e est de retour dans une nouvelle longueur, en version longue.&hellip;<\/p>\n","protected":false},"featured_media":383980,"template":"","meta":[],"product_brand":[],"product_cat":[913],"product_tag":[],"class_list":{"0":"post-394909","1":"product","2":"type-product","3":"status-publish","4":"has-post-thumbnail","6":"product_cat-ready-to-ship","8":"first","9":"outofstock","10":"taxable","11":"shipping-taxable","12":"purchasable","13":"product-type-variable"},"_links":{"self":[{"href":"https:\/\/maisoncleo.com\/fr\/wp-json\/wp\/v2\/product\/394909","targetHints":{"allow":["GET"]}}],"collection":[{"href":"https:\/\/maisoncleo.com\/fr\/wp-json\/wp\/v2\/product"}],"about":[{"href":"https:\/\/maisoncleo.com\/fr\/wp-json\/wp\/v2\/types\/product"}],"version-history":[{"count":2,"href":"https:\/\/maisoncleo.com\/fr\/wp-json\/wp\/v2\/product\/394909\/revisions"}],"predecessor-version":[{"id":394919,"href":"https:\/\/maisoncleo.com\/fr\/wp-json\/wp\/v2\/product\/394909\/revisions\/394919"}],"wp:featuredmedia":[{"embeddable":true,"href":"https:\/\/maisoncleo.com\/fr\/wp-json\/wp\/v2\/media\/383980"}],"wp:attachment":[{"href":"https:\/\/maisoncleo.com\/fr\/wp-json\/wp\/v2\/media?parent=394909"}],"wp:term":[{"taxonomy":"product_brand","embeddable":true,"href":"https:\/\/maisoncleo.com\/fr\/wp-json\/wp\/v2\/product_brand?post=394909"},{"taxonomy":"product_cat","embeddable":true,"href":"https:\/\/maisoncleo.com\/fr\/wp-json\/wp\/v2\/product_cat?post=394909"},{"taxonomy":"product_tag","embeddable":true,"href":"https:\/\/maisoncleo.com\/fr\/wp-json\/wp\/v2\/product_tag?post=394909"}],"curies":[{"name":"wp","href":"https:\/\/api.w.org\/{rel}","templated":true}]}}