{"id":394872,"date":"2025-08-13T19:36:19","date_gmt":"2025-08-13T17:36:19","guid":{"rendered":"https:\/\/maisoncleo.com\/?post_type=product&#038;p=394872"},"modified":"2025-11-13T17:21:52","modified_gmt":"2025-11-13T15:21:52","slug":"bloomer-en-coton-blanc-avec-broderies-copie","status":"publish","type":"product","link":"https:\/\/maisoncleo.com\/fr\/shop\/bloomer-en-coton-blanc-avec-broderies-copie\/","title":{"rendered":"READY-TO-SHIP &#8211; Bloomer en coton blanc avec broderies"},"content":{"rendered":"<p>Bloomer en coton blanc avec broderies. \u00c9lastique \u00e0 la taille. Parfait pour l&rsquo;\u00e9t\u00e9!<\/p>\n<p>Longueur totale \u00e0 plat: 36 cm.<\/p>\n<p>La mod\u00e8le mesure 1m74.<\/p>\n","protected":false},"excerpt":{"rendered":"<p>Bloomer en coton blanc avec broderies. \u00c9lastique \u00e0 la taille. Parfait pour l&rsquo;\u00e9t\u00e9! Longueur totale \u00e0 plat: 36 cm. La mod\u00e8le mesure&hellip;<\/p>\n","protected":false},"featured_media":349746,"template":"","meta":[],"product_brand":[],"product_cat":[913],"product_tag":[],"class_list":{"0":"post-394872","1":"product","2":"type-product","3":"status-publish","4":"has-post-thumbnail","6":"product_cat-ready-to-ship","8":"first","9":"instock","10":"taxable","11":"shipping-taxable","12":"purchasable","13":"product-type-variable"},"_links":{"self":[{"href":"https:\/\/maisoncleo.com\/fr\/wp-json\/wp\/v2\/product\/394872","targetHints":{"allow":["GET"]}}],"collection":[{"href":"https:\/\/maisoncleo.com\/fr\/wp-json\/wp\/v2\/product"}],"about":[{"href":"https:\/\/maisoncleo.com\/fr\/wp-json\/wp\/v2\/types\/product"}],"version-history":[{"count":2,"href":"https:\/\/maisoncleo.com\/fr\/wp-json\/wp\/v2\/product\/394872\/revisions"}],"predecessor-version":[{"id":394882,"href":"https:\/\/maisoncleo.com\/fr\/wp-json\/wp\/v2\/product\/394872\/revisions\/394882"}],"wp:featuredmedia":[{"embeddable":true,"href":"https:\/\/maisoncleo.com\/fr\/wp-json\/wp\/v2\/media\/349746"}],"wp:attachment":[{"href":"https:\/\/maisoncleo.com\/fr\/wp-json\/wp\/v2\/media?parent=394872"}],"wp:term":[{"taxonomy":"product_brand","embeddable":true,"href":"https:\/\/maisoncleo.com\/fr\/wp-json\/wp\/v2\/product_brand?post=394872"},{"taxonomy":"product_cat","embeddable":true,"href":"https:\/\/maisoncleo.com\/fr\/wp-json\/wp\/v2\/product_cat?post=394872"},{"taxonomy":"product_tag","embeddable":true,"href":"https:\/\/maisoncleo.com\/fr\/wp-json\/wp\/v2\/product_tag?post=394872"}],"curies":[{"name":"wp","href":"https:\/\/api.w.org\/{rel}","templated":true}]}}