{"id":394851,"date":"2025-08-13T19:35:51","date_gmt":"2025-08-13T17:35:51","guid":{"rendered":"https:\/\/maisoncleo.com\/?post_type=product&#038;p=394851"},"modified":"2025-12-31T14:33:18","modified_gmt":"2025-12-31T12:33:18","slug":"coup-de-foudre-defile-look-14-cagoule-en-laine-tricotee-melangee-gris-chine-multi-copie","status":"publish","type":"product","link":"https:\/\/maisoncleo.com\/fr\/shop\/coup-de-foudre-defile-look-14-cagoule-en-laine-tricotee-melangee-gris-chine-multi-copie\/","title":{"rendered":"READY-TO-SHIP &#8211; Cagoule en laine tricot\u00e9e m\u00e9lang\u00e9e gris chin\u00e9 multi"},"content":{"rendered":"<p>Cagoule en laine m\u00e9lang\u00e9e gris chin\u00e9 multi.<\/p>\n<p>Bords c\u00f4tes, peut aussi se porter en capuche. Laine m\u00e9lang\u00e9e angora ce qui lui donne un toucher doux.<\/p>\n<p>La mod\u00e8le mesure 1m71 et porte une taille S-36.<\/p>\n","protected":false},"excerpt":{"rendered":"<p>Cagoule en laine m\u00e9lang\u00e9e gris chin\u00e9 multi. Bords c\u00f4tes, peut aussi se porter en capuche. Laine m\u00e9lang\u00e9e angora ce qui lui donne&hellip;<\/p>\n","protected":false},"featured_media":348101,"template":"","meta":[],"product_brand":[],"product_cat":[913],"product_tag":[],"class_list":{"0":"post-394851","1":"product","2":"type-product","3":"status-publish","4":"has-post-thumbnail","6":"product_cat-ready-to-ship","8":"first","9":"outofstock","10":"taxable","11":"shipping-taxable","12":"purchasable","13":"product-type-variable"},"_links":{"self":[{"href":"https:\/\/maisoncleo.com\/fr\/wp-json\/wp\/v2\/product\/394851","targetHints":{"allow":["GET"]}}],"collection":[{"href":"https:\/\/maisoncleo.com\/fr\/wp-json\/wp\/v2\/product"}],"about":[{"href":"https:\/\/maisoncleo.com\/fr\/wp-json\/wp\/v2\/types\/product"}],"version-history":[{"count":2,"href":"https:\/\/maisoncleo.com\/fr\/wp-json\/wp\/v2\/product\/394851\/revisions"}],"predecessor-version":[{"id":394863,"href":"https:\/\/maisoncleo.com\/fr\/wp-json\/wp\/v2\/product\/394851\/revisions\/394863"}],"wp:featuredmedia":[{"embeddable":true,"href":"https:\/\/maisoncleo.com\/fr\/wp-json\/wp\/v2\/media\/348101"}],"wp:attachment":[{"href":"https:\/\/maisoncleo.com\/fr\/wp-json\/wp\/v2\/media?parent=394851"}],"wp:term":[{"taxonomy":"product_brand","embeddable":true,"href":"https:\/\/maisoncleo.com\/fr\/wp-json\/wp\/v2\/product_brand?post=394851"},{"taxonomy":"product_cat","embeddable":true,"href":"https:\/\/maisoncleo.com\/fr\/wp-json\/wp\/v2\/product_cat?post=394851"},{"taxonomy":"product_tag","embeddable":true,"href":"https:\/\/maisoncleo.com\/fr\/wp-json\/wp\/v2\/product_tag?post=394851"}],"curies":[{"name":"wp","href":"https:\/\/api.w.org\/{rel}","templated":true}]}}