{"id":394831,"date":"2025-08-13T19:31:32","date_gmt":"2025-08-13T17:31:32","guid":{"rendered":"https:\/\/maisoncleo.com\/?post_type=product&#038;p=394831"},"modified":"2025-11-13T13:12:45","modified_gmt":"2025-11-13T11:12:45","slug":"jupe-tutu-gonflante-en-organza-de-soie-or-copie","status":"publish","type":"product","link":"https:\/\/maisoncleo.com\/fr\/shop\/jupe-tutu-gonflante-en-organza-de-soie-or-copie\/","title":{"rendered":"READY-TO-SHIP &#8211; Jupe tutu gonflante en organza de soie or"},"content":{"rendered":"<p>Jupe tutu gonflante en organza de soie or. Deux couches de volants, \u00e9lastique \u00e0 la taille.<\/p>\n<p>100% organza de soie \u00e9pais dor\u00e9.<\/p>\n<p>La mod\u00e8le mesure 1m73 et porte une taille S-36.<\/p>\n","protected":false},"excerpt":{"rendered":"<p>Jupe tutu gonflante en organza de soie or. Deux couches de volants, \u00e9lastique \u00e0 la taille. 100% organza de soie \u00e9pais dor\u00e9.&hellip;<\/p>\n","protected":false},"featured_media":353769,"template":"","meta":[],"product_brand":[],"product_cat":[913],"product_tag":[],"class_list":{"0":"post-394831","1":"product","2":"type-product","3":"status-publish","4":"has-post-thumbnail","6":"product_cat-ready-to-ship","8":"first","9":"instock","10":"taxable","11":"shipping-taxable","12":"purchasable","13":"product-type-variable"},"_links":{"self":[{"href":"https:\/\/maisoncleo.com\/fr\/wp-json\/wp\/v2\/product\/394831","targetHints":{"allow":["GET"]}}],"collection":[{"href":"https:\/\/maisoncleo.com\/fr\/wp-json\/wp\/v2\/product"}],"about":[{"href":"https:\/\/maisoncleo.com\/fr\/wp-json\/wp\/v2\/types\/product"}],"version-history":[{"count":2,"href":"https:\/\/maisoncleo.com\/fr\/wp-json\/wp\/v2\/product\/394831\/revisions"}],"predecessor-version":[{"id":394841,"href":"https:\/\/maisoncleo.com\/fr\/wp-json\/wp\/v2\/product\/394831\/revisions\/394841"}],"wp:featuredmedia":[{"embeddable":true,"href":"https:\/\/maisoncleo.com\/fr\/wp-json\/wp\/v2\/media\/353769"}],"wp:attachment":[{"href":"https:\/\/maisoncleo.com\/fr\/wp-json\/wp\/v2\/media?parent=394831"}],"wp:term":[{"taxonomy":"product_brand","embeddable":true,"href":"https:\/\/maisoncleo.com\/fr\/wp-json\/wp\/v2\/product_brand?post=394831"},{"taxonomy":"product_cat","embeddable":true,"href":"https:\/\/maisoncleo.com\/fr\/wp-json\/wp\/v2\/product_cat?post=394831"},{"taxonomy":"product_tag","embeddable":true,"href":"https:\/\/maisoncleo.com\/fr\/wp-json\/wp\/v2\/product_tag?post=394831"}],"curies":[{"name":"wp","href":"https:\/\/api.w.org\/{rel}","templated":true}]}}