{"id":394795,"date":"2025-08-13T19:20:27","date_gmt":"2025-08-13T17:20:27","guid":{"rendered":"https:\/\/maisoncleo.com\/?post_type=product&#038;p=394795"},"modified":"2025-11-13T11:26:45","modified_gmt":"2025-11-13T09:26:45","slug":"mini-jupe-en-laine-rose-fuchsia-a-fente-arrondie-heidi-copie","status":"publish","type":"product","link":"https:\/\/maisoncleo.com\/fr\/shop\/mini-jupe-en-laine-rose-fuchsia-a-fente-arrondie-heidi-copie\/","title":{"rendered":"READY-TO-SHIP &#8211; Mini jupe en laine rose fuchsia \u00e0 fente arrondie HEIDI"},"content":{"rendered":"<div class=\"woocommerce-product-details__complete-description\">\n<p>Mini jupe en laine rose fuchsia \u00e0 fente arrondie.<\/p>\n<p>Fermeture \u00e9clair dans le dos. Coupe trap\u00e8ze. 100% laine.<\/p>\n<\/div>\n<p>Longueur \u00e0 plat: 36 cm. Longueur fente: 10 cm.<\/p>\n<p>La mod\u00e8le mesure 1m75 et porte une taille S-36.<\/p>\n","protected":false},"excerpt":{"rendered":"<p>Mini jupe en laine rose fuchsia \u00e0 fente arrondie. Fermeture \u00e9clair dans le dos. Coupe trap\u00e8ze. 100% laine. Longueur \u00e0 plat: 36&hellip;<\/p>\n","protected":false},"featured_media":347117,"template":"","meta":[],"product_brand":[],"product_cat":[913],"product_tag":[],"class_list":{"0":"post-394795","1":"product","2":"type-product","3":"status-publish","4":"has-post-thumbnail","6":"product_cat-ready-to-ship","8":"first","9":"instock","10":"taxable","11":"shipping-taxable","12":"purchasable","13":"product-type-variable"},"_links":{"self":[{"href":"https:\/\/maisoncleo.com\/fr\/wp-json\/wp\/v2\/product\/394795","targetHints":{"allow":["GET"]}}],"collection":[{"href":"https:\/\/maisoncleo.com\/fr\/wp-json\/wp\/v2\/product"}],"about":[{"href":"https:\/\/maisoncleo.com\/fr\/wp-json\/wp\/v2\/types\/product"}],"version-history":[{"count":2,"href":"https:\/\/maisoncleo.com\/fr\/wp-json\/wp\/v2\/product\/394795\/revisions"}],"predecessor-version":[{"id":394805,"href":"https:\/\/maisoncleo.com\/fr\/wp-json\/wp\/v2\/product\/394795\/revisions\/394805"}],"wp:featuredmedia":[{"embeddable":true,"href":"https:\/\/maisoncleo.com\/fr\/wp-json\/wp\/v2\/media\/347117"}],"wp:attachment":[{"href":"https:\/\/maisoncleo.com\/fr\/wp-json\/wp\/v2\/media?parent=394795"}],"wp:term":[{"taxonomy":"product_brand","embeddable":true,"href":"https:\/\/maisoncleo.com\/fr\/wp-json\/wp\/v2\/product_brand?post=394795"},{"taxonomy":"product_cat","embeddable":true,"href":"https:\/\/maisoncleo.com\/fr\/wp-json\/wp\/v2\/product_cat?post=394795"},{"taxonomy":"product_tag","embeddable":true,"href":"https:\/\/maisoncleo.com\/fr\/wp-json\/wp\/v2\/product_tag?post=394795"}],"curies":[{"name":"wp","href":"https:\/\/api.w.org\/{rel}","templated":true}]}}