{"id":394688,"date":"2025-08-12T19:10:41","date_gmt":"2025-08-12T17:10:41","guid":{"rendered":"https:\/\/maisoncleo.com\/?post_type=product&#038;p=394688"},"modified":"2025-11-12T15:18:05","modified_gmt":"2025-11-12T13:18:05","slug":"mini-jupe-trapeze-bleu-marine-en-laine-avec-fente-arrondie-copie","status":"publish","type":"product","link":"https:\/\/maisoncleo.com\/fr\/shop\/mini-jupe-trapeze-bleu-marine-en-laine-avec-fente-arrondie-copie\/","title":{"rendered":"READY-TO-SHIP &#8211; Mini jupe trap\u00e8ze bleu marine en laine avec fente arrondie"},"content":{"rendered":"<p>Mini jupe trap\u00e8ze bleu marine en laine avec fente arrondie.<\/p>\n<p>Fermeture \u00e9clair dans le dos.<\/p>\n<p>Longueur : 37cm, longueur \u00e0 ajuster \u00e0 votre convenance.<\/p>\n<p>La mod\u00e8le mesure 1,75m et porte une taille S\/36.<\/p>\n","protected":false},"excerpt":{"rendered":"<p>Mini jupe trap\u00e8ze bleu marine en laine avec fente arrondie. Fermeture \u00e9clair dans le dos. Longueur : 37cm, longueur \u00e0 ajuster \u00e0&hellip;<\/p>\n","protected":false},"featured_media":355221,"template":"","meta":[],"product_brand":[],"product_cat":[913],"product_tag":[],"class_list":{"0":"post-394688","1":"product","2":"type-product","3":"status-publish","4":"has-post-thumbnail","6":"product_cat-ready-to-ship","8":"first","9":"instock","10":"taxable","11":"shipping-taxable","12":"purchasable","13":"product-type-variable"},"_links":{"self":[{"href":"https:\/\/maisoncleo.com\/fr\/wp-json\/wp\/v2\/product\/394688","targetHints":{"allow":["GET"]}}],"collection":[{"href":"https:\/\/maisoncleo.com\/fr\/wp-json\/wp\/v2\/product"}],"about":[{"href":"https:\/\/maisoncleo.com\/fr\/wp-json\/wp\/v2\/types\/product"}],"version-history":[{"count":2,"href":"https:\/\/maisoncleo.com\/fr\/wp-json\/wp\/v2\/product\/394688\/revisions"}],"predecessor-version":[{"id":394698,"href":"https:\/\/maisoncleo.com\/fr\/wp-json\/wp\/v2\/product\/394688\/revisions\/394698"}],"wp:featuredmedia":[{"embeddable":true,"href":"https:\/\/maisoncleo.com\/fr\/wp-json\/wp\/v2\/media\/355221"}],"wp:attachment":[{"href":"https:\/\/maisoncleo.com\/fr\/wp-json\/wp\/v2\/media?parent=394688"}],"wp:term":[{"taxonomy":"product_brand","embeddable":true,"href":"https:\/\/maisoncleo.com\/fr\/wp-json\/wp\/v2\/product_brand?post=394688"},{"taxonomy":"product_cat","embeddable":true,"href":"https:\/\/maisoncleo.com\/fr\/wp-json\/wp\/v2\/product_cat?post=394688"},{"taxonomy":"product_tag","embeddable":true,"href":"https:\/\/maisoncleo.com\/fr\/wp-json\/wp\/v2\/product_tag?post=394688"}],"curies":[{"name":"wp","href":"https:\/\/api.w.org\/{rel}","templated":true}]}}