{"id":394574,"date":"2025-08-12T19:06:18","date_gmt":"2025-08-12T17:06:18","guid":{"rendered":"https:\/\/maisoncleo.com\/?post_type=product&#038;p=394574"},"modified":"2025-11-12T13:13:52","modified_gmt":"2025-11-12T11:13:52","slug":"jupe-mi-longue-fluide-en-velours-noir-brillant-roxy-copie","status":"publish","type":"product","link":"https:\/\/maisoncleo.com\/fr\/shop\/jupe-mi-longue-fluide-en-velours-noir-brillant-roxy-copie\/","title":{"rendered":"READY-TO-SHIP &#8211; Jupe mi-longue fluide en velours noir brillant ROXY"},"content":{"rendered":"<p>Jupe mi-longue fluide en velours noir brillant.\u00a0Taille basse. Fermeture \u00e9clair dans le dos. 100% sublime velours fluide brillant. Coupe droite, fente de chaque c\u00f4t\u00e9.<\/p>\n<p>La mod\u00e8le mesure 171 cm et porte une taille S-36.<\/p>\n<p>Longueur= 78 cm. Longueur de fente= 29,5 cm.<\/p>\n<p>&nbsp;<\/p>\n","protected":false},"excerpt":{"rendered":"<p>Jupe mi-longue fluide en velours noir brillant.\u00a0Taille basse. Fermeture \u00e9clair dans le dos. 100% sublime velours fluide brillant. Coupe droite, fente de&hellip;<\/p>\n","protected":false},"featured_media":346686,"template":"","meta":[],"product_brand":[],"product_cat":[913],"product_tag":[],"class_list":{"0":"post-394574","1":"product","2":"type-product","3":"status-publish","4":"has-post-thumbnail","6":"product_cat-ready-to-ship","8":"first","9":"instock","10":"taxable","11":"shipping-taxable","12":"purchasable","13":"product-type-variable"},"_links":{"self":[{"href":"https:\/\/maisoncleo.com\/fr\/wp-json\/wp\/v2\/product\/394574","targetHints":{"allow":["GET"]}}],"collection":[{"href":"https:\/\/maisoncleo.com\/fr\/wp-json\/wp\/v2\/product"}],"about":[{"href":"https:\/\/maisoncleo.com\/fr\/wp-json\/wp\/v2\/types\/product"}],"version-history":[{"count":2,"href":"https:\/\/maisoncleo.com\/fr\/wp-json\/wp\/v2\/product\/394574\/revisions"}],"predecessor-version":[{"id":394584,"href":"https:\/\/maisoncleo.com\/fr\/wp-json\/wp\/v2\/product\/394574\/revisions\/394584"}],"wp:featuredmedia":[{"embeddable":true,"href":"https:\/\/maisoncleo.com\/fr\/wp-json\/wp\/v2\/media\/346686"}],"wp:attachment":[{"href":"https:\/\/maisoncleo.com\/fr\/wp-json\/wp\/v2\/media?parent=394574"}],"wp:term":[{"taxonomy":"product_brand","embeddable":true,"href":"https:\/\/maisoncleo.com\/fr\/wp-json\/wp\/v2\/product_brand?post=394574"},{"taxonomy":"product_cat","embeddable":true,"href":"https:\/\/maisoncleo.com\/fr\/wp-json\/wp\/v2\/product_cat?post=394574"},{"taxonomy":"product_tag","embeddable":true,"href":"https:\/\/maisoncleo.com\/fr\/wp-json\/wp\/v2\/product_tag?post=394574"}],"curies":[{"name":"wp","href":"https:\/\/api.w.org\/{rel}","templated":true}]}}