{"id":394463,"date":"2025-08-12T19:04:12","date_gmt":"2025-08-12T17:04:12","guid":{"rendered":"https:\/\/maisoncleo.com\/?post_type=product&#038;p=394463"},"modified":"2025-11-10T16:22:36","modified_gmt":"2025-11-10T14:22:36","slug":"robe-shirley-trapeze-en-faux-python-copie","status":"publish","type":"product","link":"https:\/\/maisoncleo.com\/fr\/shop\/robe-shirley-trapeze-en-faux-python-copie\/","title":{"rendered":"READY-TO-SHIP &#8211; Robe SHIRLEY trapeze en faux python"},"content":{"rendered":"<p><span style=\"font-weight: 400;\">Robe en faux python sans manches, coupe trap\u00e8ze, resserr\u00e9 sur la poitrine, d\u00e9collet\u00e9 en V.<\/span><\/p>\n<p><span style=\"font-weight: 400;\">Notre favorite de la nouvelle collection!<\/span><\/p>\n<p><span style=\"font-weight: 400;\">Longueur : 88 cm.<\/span><\/p>\n<p><span style=\"font-weight: 400;\">La mod\u00e8le mesure 1,72 m.<\/span><\/p>\n","protected":false},"excerpt":{"rendered":"<p>Robe en faux python sans manches, coupe trap\u00e8ze, resserr\u00e9 sur la poitrine, d\u00e9collet\u00e9 en V. Notre favorite de la nouvelle collection! Longueur&hellip;<\/p>\n","protected":false},"featured_media":371147,"template":"","meta":[],"product_brand":[],"product_cat":[913],"product_tag":[],"class_list":{"0":"post-394463","1":"product","2":"type-product","3":"status-publish","4":"has-post-thumbnail","6":"product_cat-ready-to-ship","8":"first","9":"instock","10":"taxable","11":"shipping-taxable","12":"purchasable","13":"product-type-variable"},"_links":{"self":[{"href":"https:\/\/maisoncleo.com\/fr\/wp-json\/wp\/v2\/product\/394463","targetHints":{"allow":["GET"]}}],"collection":[{"href":"https:\/\/maisoncleo.com\/fr\/wp-json\/wp\/v2\/product"}],"about":[{"href":"https:\/\/maisoncleo.com\/fr\/wp-json\/wp\/v2\/types\/product"}],"version-history":[{"count":2,"href":"https:\/\/maisoncleo.com\/fr\/wp-json\/wp\/v2\/product\/394463\/revisions"}],"predecessor-version":[{"id":394473,"href":"https:\/\/maisoncleo.com\/fr\/wp-json\/wp\/v2\/product\/394463\/revisions\/394473"}],"wp:featuredmedia":[{"embeddable":true,"href":"https:\/\/maisoncleo.com\/fr\/wp-json\/wp\/v2\/media\/371147"}],"wp:attachment":[{"href":"https:\/\/maisoncleo.com\/fr\/wp-json\/wp\/v2\/media?parent=394463"}],"wp:term":[{"taxonomy":"product_brand","embeddable":true,"href":"https:\/\/maisoncleo.com\/fr\/wp-json\/wp\/v2\/product_brand?post=394463"},{"taxonomy":"product_cat","embeddable":true,"href":"https:\/\/maisoncleo.com\/fr\/wp-json\/wp\/v2\/product_cat?post=394463"},{"taxonomy":"product_tag","embeddable":true,"href":"https:\/\/maisoncleo.com\/fr\/wp-json\/wp\/v2\/product_tag?post=394463"}],"curies":[{"name":"wp","href":"https:\/\/api.w.org\/{rel}","templated":true}]}}