{"id":394354,"date":"2025-08-11T15:32:33","date_gmt":"2025-08-11T13:32:33","guid":{"rendered":"https:\/\/maisoncleo.com\/?post_type=product&#038;p=394354"},"modified":"2025-11-06T15:41:10","modified_gmt":"2025-11-06T13:41:10","slug":"la-gatee-maillot-de-bain-une-piece-bleu-marine-a-pois-blancs-copie","status":"publish","type":"product","link":"https:\/\/maisoncleo.com\/fr\/shop\/la-gatee-maillot-de-bain-une-piece-bleu-marine-a-pois-blancs-copie\/","title":{"rendered":"READY-TO-SHIP &#8211; LA G\u00c2T\u00c9E &#8211; Maillot de bain une pi\u00e8ce bleu marine \u00e0 pois blancs"},"content":{"rendered":"<p><span style=\"font-weight: 400;\">Maillot de bain une pi\u00e8ce bleu marine \u00e0 pois blancs, d\u00e9collet\u00e9 dans le dos, tissu de maillot de bain en jersey stretch. Notre favori! La mod\u00e8le mesure 1m73 et porte une taille S\/36.<\/span><\/p>\n<p><span style=\"font-weight: 400;\">Look faisant partie de notre d\u00e9fil\u00e9 printemps-\u00e9t\u00e9 2025 \u201cLa G\u00e2t\u00e9e\u201d pr\u00e9sent\u00e9 \u00e0 Marseille le 9 Juin lors de la Slow Fashion Week, ode au Sud de la France et \u00e0 l\u2019esprit proven\u00e7al. <\/span><\/p>\n","protected":false},"excerpt":{"rendered":"<p>Maillot de bain une pi\u00e8ce bleu marine \u00e0 pois blancs, d\u00e9collet\u00e9 dans le dos, tissu de maillot de bain en jersey stretch.&hellip;<\/p>\n","protected":false},"featured_media":387309,"template":"","meta":[],"product_brand":[],"product_cat":[913],"product_tag":[],"class_list":{"0":"post-394354","1":"product","2":"type-product","3":"status-publish","4":"has-post-thumbnail","6":"product_cat-ready-to-ship","8":"first","9":"instock","10":"taxable","11":"shipping-taxable","12":"purchasable","13":"product-type-variable"},"_links":{"self":[{"href":"https:\/\/maisoncleo.com\/fr\/wp-json\/wp\/v2\/product\/394354","targetHints":{"allow":["GET"]}}],"collection":[{"href":"https:\/\/maisoncleo.com\/fr\/wp-json\/wp\/v2\/product"}],"about":[{"href":"https:\/\/maisoncleo.com\/fr\/wp-json\/wp\/v2\/types\/product"}],"version-history":[{"count":2,"href":"https:\/\/maisoncleo.com\/fr\/wp-json\/wp\/v2\/product\/394354\/revisions"}],"predecessor-version":[{"id":394364,"href":"https:\/\/maisoncleo.com\/fr\/wp-json\/wp\/v2\/product\/394354\/revisions\/394364"}],"wp:featuredmedia":[{"embeddable":true,"href":"https:\/\/maisoncleo.com\/fr\/wp-json\/wp\/v2\/media\/387309"}],"wp:attachment":[{"href":"https:\/\/maisoncleo.com\/fr\/wp-json\/wp\/v2\/media?parent=394354"}],"wp:term":[{"taxonomy":"product_brand","embeddable":true,"href":"https:\/\/maisoncleo.com\/fr\/wp-json\/wp\/v2\/product_brand?post=394354"},{"taxonomy":"product_cat","embeddable":true,"href":"https:\/\/maisoncleo.com\/fr\/wp-json\/wp\/v2\/product_cat?post=394354"},{"taxonomy":"product_tag","embeddable":true,"href":"https:\/\/maisoncleo.com\/fr\/wp-json\/wp\/v2\/product_tag?post=394354"}],"curies":[{"name":"wp","href":"https:\/\/api.w.org\/{rel}","templated":true}]}}