{"id":394038,"date":"2025-11-02T10:29:35","date_gmt":"2025-11-02T08:29:35","guid":{"rendered":"https:\/\/maisoncleo.com\/?post_type=product&#038;p=394038"},"modified":"2025-11-02T11:35:39","modified_gmt":"2025-11-02T09:35:39","slug":"manteau-noir-en-laine-epaisse-avec-fausse-fourrure-noire-isabella-copy-2","status":"publish","type":"product","link":"https:\/\/maisoncleo.com\/fr\/shop\/manteau-noir-en-laine-epaisse-avec-fausse-fourrure-noire-isabella-copy-2\/","title":{"rendered":"Pantalon \u00e9vas\u00e9 Meg en velours noir"},"content":{"rendered":"<p>Pantalon en velours noir \u00e9vas\u00e9, taille haute, coupe cintr\u00e9e et flare dans le bas. Ceinture et passants, boucle noire rectangulaire, fermeture \u00e9clair invisible sur le devant. Le pantalon belle fesses!<\/p>\n<p>Longueur standard : 107 cm.<\/p>\n<p><span style=\"font-weight: 400;\">La mod\u00e8le mesure 1m68 et porte une taille 42.<\/span><\/p>\n","protected":false},"excerpt":{"rendered":"<p>Pantalon en velours noir \u00e9vas\u00e9, taille haute, coupe cintr\u00e9e et flare dans le bas. Ceinture et passants, boucle noire rectangulaire, fermeture \u00e9clair&hellip;<\/p>\n","protected":false},"featured_media":394056,"template":"","meta":[],"product_brand":[],"product_cat":[668,675,661],"product_tag":[],"class_list":{"0":"post-394038","1":"product","2":"type-product","3":"status-publish","4":"has-post-thumbnail","6":"product_cat-capsule","7":"product_cat-pantalons-shorts","8":"product_cat-tout-voir","10":"first","11":"instock","12":"taxable","13":"shipping-taxable","14":"purchasable","15":"product-type-variable"},"_links":{"self":[{"href":"https:\/\/maisoncleo.com\/fr\/wp-json\/wp\/v2\/product\/394038","targetHints":{"allow":["GET"]}}],"collection":[{"href":"https:\/\/maisoncleo.com\/fr\/wp-json\/wp\/v2\/product"}],"about":[{"href":"https:\/\/maisoncleo.com\/fr\/wp-json\/wp\/v2\/types\/product"}],"version-history":[{"count":1,"href":"https:\/\/maisoncleo.com\/fr\/wp-json\/wp\/v2\/product\/394038\/revisions"}],"predecessor-version":[{"id":394066,"href":"https:\/\/maisoncleo.com\/fr\/wp-json\/wp\/v2\/product\/394038\/revisions\/394066"}],"wp:featuredmedia":[{"embeddable":true,"href":"https:\/\/maisoncleo.com\/fr\/wp-json\/wp\/v2\/media\/394056"}],"wp:attachment":[{"href":"https:\/\/maisoncleo.com\/fr\/wp-json\/wp\/v2\/media?parent=394038"}],"wp:term":[{"taxonomy":"product_brand","embeddable":true,"href":"https:\/\/maisoncleo.com\/fr\/wp-json\/wp\/v2\/product_brand?post=394038"},{"taxonomy":"product_cat","embeddable":true,"href":"https:\/\/maisoncleo.com\/fr\/wp-json\/wp\/v2\/product_cat?post=394038"},{"taxonomy":"product_tag","embeddable":true,"href":"https:\/\/maisoncleo.com\/fr\/wp-json\/wp\/v2\/product_tag?post=394038"}],"curies":[{"name":"wp","href":"https:\/\/api.w.org\/{rel}","templated":true}]}}