{"id":393970,"date":"2025-11-02T10:19:37","date_gmt":"2025-11-02T08:19:37","guid":{"rendered":"https:\/\/maisoncleo.com\/?post_type=product&#038;p=393970"},"modified":"2025-11-18T20:29:01","modified_gmt":"2025-11-18T18:29:01","slug":"pantalon-capri-%c2%be-kim-en-coton-a-pois-marron-chocolat-avec-boutons-nacres-copy","status":"publish","type":"product","link":"https:\/\/maisoncleo.com\/fr\/shop\/pantalon-capri-%c2%be-kim-en-coton-a-pois-marron-chocolat-avec-boutons-nacres-copy\/","title":{"rendered":"Manteau noir en laine \u00e9paisse avec fausse fourrure noire ISABELLA"},"content":{"rendered":"<p><span style=\"font-weight: 400;\">Manteau en laine noire \u00e9paisse, mi-long, manches longues, coupe ajust\u00e9e, fermeture boutons noirs sur le devant. 100% laine \u00e9paisse. La fausse fourrure provient d\u2019une maison de Haute-Couture fran\u00e7aise! Nous avons besoin d\u2019environ 5 heures pour en faire un. Doubl\u00e9 en twill de soie noir.<\/span><\/p>\n<p><span style=\"font-weight: 400;\">La mod\u00e8le mesure 1m68 et porte une taille 42.<\/span><\/p>\n","protected":false},"excerpt":{"rendered":"<p>Manteau en laine noire \u00e9paisse, mi-long, manches longues, coupe ajust\u00e9e, fermeture boutons noirs sur le devant. 100% laine \u00e9paisse. La fausse fourrure&hellip;<\/p>\n","protected":false},"featured_media":393998,"template":"","meta":[],"product_brand":[],"product_cat":[668,661,665],"product_tag":[],"class_list":{"0":"post-393970","1":"product","2":"type-product","3":"status-publish","4":"has-post-thumbnail","6":"product_cat-capsule","7":"product_cat-tout-voir","8":"product_cat-vestes-manteaux","10":"first","11":"instock","12":"taxable","13":"shipping-taxable","14":"purchasable","15":"product-type-variable"},"_links":{"self":[{"href":"https:\/\/maisoncleo.com\/fr\/wp-json\/wp\/v2\/product\/393970","targetHints":{"allow":["GET"]}}],"collection":[{"href":"https:\/\/maisoncleo.com\/fr\/wp-json\/wp\/v2\/product"}],"about":[{"href":"https:\/\/maisoncleo.com\/fr\/wp-json\/wp\/v2\/types\/product"}],"version-history":[{"count":1,"href":"https:\/\/maisoncleo.com\/fr\/wp-json\/wp\/v2\/product\/393970\/revisions"}],"predecessor-version":[{"id":394030,"href":"https:\/\/maisoncleo.com\/fr\/wp-json\/wp\/v2\/product\/393970\/revisions\/394030"}],"wp:featuredmedia":[{"embeddable":true,"href":"https:\/\/maisoncleo.com\/fr\/wp-json\/wp\/v2\/media\/393998"}],"wp:attachment":[{"href":"https:\/\/maisoncleo.com\/fr\/wp-json\/wp\/v2\/media?parent=393970"}],"wp:term":[{"taxonomy":"product_brand","embeddable":true,"href":"https:\/\/maisoncleo.com\/fr\/wp-json\/wp\/v2\/product_brand?post=393970"},{"taxonomy":"product_cat","embeddable":true,"href":"https:\/\/maisoncleo.com\/fr\/wp-json\/wp\/v2\/product_cat?post=393970"},{"taxonomy":"product_tag","embeddable":true,"href":"https:\/\/maisoncleo.com\/fr\/wp-json\/wp\/v2\/product_tag?post=393970"}],"curies":[{"name":"wp","href":"https:\/\/api.w.org\/{rel}","templated":true}]}}