{"id":393945,"date":"2025-11-02T10:11:50","date_gmt":"2025-11-02T08:11:50","guid":{"rendered":"https:\/\/maisoncleo.com\/?post_type=product&#038;p=393945"},"modified":"2025-11-02T10:17:45","modified_gmt":"2025-11-02T08:17:45","slug":"la-gatee-blouse-bleu-marine-a-pois-en-coton-avec-broderies-et-boutons-nacres-copy-2","status":"publish","type":"product","link":"https:\/\/maisoncleo.com\/fr\/shop\/la-gatee-blouse-bleu-marine-a-pois-en-coton-avec-broderies-et-boutons-nacres-copy-2\/","title":{"rendered":"Blouse Julia marron chocolat \u00e0 pois en coton avec broderies et boutons nacr\u00e9s"},"content":{"rendered":"<p><span style=\"font-weight: 400;\">Blouse marron chocolat \u00e0 pois en coton, ajust\u00e9e, fermeture \u00e0 l\u2019aide de trois boutons nacr\u00e9s sur le devant, d\u00e9collet\u00e9 en carr\u00e9 agr\u00e9ment\u00e9 de broderie anglaise. 100% coton. Votre look pr\u00e9f\u00e9r\u00e9 maintenant disponible en marron chocolat pour cet automne hiver! La mod\u00e8le mesure 1m68 et porte une taille 42.<\/span><\/p>\n","protected":false},"excerpt":{"rendered":"<p>Blouse marron chocolat \u00e0 pois en coton, ajust\u00e9e, fermeture \u00e0 l\u2019aide de trois boutons nacr\u00e9s sur le devant, d\u00e9collet\u00e9 en carr\u00e9 agr\u00e9ment\u00e9&hellip;<\/p>\n","protected":false},"featured_media":393903,"template":"","meta":[],"product_brand":[],"product_cat":[663,668,661],"product_tag":[],"class_list":{"0":"post-393945","1":"product","2":"type-product","3":"status-publish","4":"has-post-thumbnail","6":"product_cat-blouses","7":"product_cat-capsule","8":"product_cat-tout-voir","10":"first","11":"instock","12":"taxable","13":"shipping-taxable","14":"purchasable","15":"product-type-variable"},"_links":{"self":[{"href":"https:\/\/maisoncleo.com\/fr\/wp-json\/wp\/v2\/product\/393945","targetHints":{"allow":["GET"]}}],"collection":[{"href":"https:\/\/maisoncleo.com\/fr\/wp-json\/wp\/v2\/product"}],"about":[{"href":"https:\/\/maisoncleo.com\/fr\/wp-json\/wp\/v2\/types\/product"}],"version-history":[{"count":2,"href":"https:\/\/maisoncleo.com\/fr\/wp-json\/wp\/v2\/product\/393945\/revisions"}],"predecessor-version":[{"id":393962,"href":"https:\/\/maisoncleo.com\/fr\/wp-json\/wp\/v2\/product\/393945\/revisions\/393962"}],"wp:featuredmedia":[{"embeddable":true,"href":"https:\/\/maisoncleo.com\/fr\/wp-json\/wp\/v2\/media\/393903"}],"wp:attachment":[{"href":"https:\/\/maisoncleo.com\/fr\/wp-json\/wp\/v2\/media?parent=393945"}],"wp:term":[{"taxonomy":"product_brand","embeddable":true,"href":"https:\/\/maisoncleo.com\/fr\/wp-json\/wp\/v2\/product_brand?post=393945"},{"taxonomy":"product_cat","embeddable":true,"href":"https:\/\/maisoncleo.com\/fr\/wp-json\/wp\/v2\/product_cat?post=393945"},{"taxonomy":"product_tag","embeddable":true,"href":"https:\/\/maisoncleo.com\/fr\/wp-json\/wp\/v2\/product_tag?post=393945"}],"curies":[{"name":"wp","href":"https:\/\/api.w.org\/{rel}","templated":true}]}}