{"id":393895,"date":"2025-11-02T09:59:08","date_gmt":"2025-11-02T07:59:08","guid":{"rendered":"https:\/\/maisoncleo.com\/?post_type=product&#038;p=393895"},"modified":"2026-04-30T09:20:21","modified_gmt":"2026-04-30T07:20:21","slug":"la-gatee-pantalon-capri-%c2%be-en-coton-a-pois-bleu-marine-avec-boutons-nacres-copy-2","status":"publish","type":"product","link":"https:\/\/maisoncleo.com\/fr\/shop\/la-gatee-pantalon-capri-%c2%be-en-coton-a-pois-bleu-marine-avec-boutons-nacres-copy-2\/","title":{"rendered":"Pantalon capri \u00be Kim en coton \u00e0 pois marron chocolat avec boutons nacr\u00e9s"},"content":{"rendered":"<p><span style=\"font-weight: 400;\">Pantalon capri \u00be en coton \u00e0 pois marron chocolat, ajust\u00e9, fermeture \u00e0 l\u2019aide de trois boutons nacr\u00e9s sur le devant. 100% coton. La mod\u00e8le mesure 1m68 et porte une taille 42.<\/span><\/p>\n","protected":false},"excerpt":{"rendered":"<p>Pantalon capri \u00be en coton \u00e0 pois marron chocolat, ajust\u00e9, fermeture \u00e0 l\u2019aide de trois boutons nacr\u00e9s sur le devant. 100% coton.&hellip;<\/p>\n","protected":false},"featured_media":393921,"template":"","meta":[],"product_brand":[],"product_cat":[668,675,661],"product_tag":[],"class_list":{"0":"post-393895","1":"product","2":"type-product","3":"status-publish","4":"has-post-thumbnail","6":"product_cat-capsule","7":"product_cat-pantalons-shorts","8":"product_cat-tout-voir","10":"first","11":"instock","12":"taxable","13":"shipping-taxable","14":"purchasable","15":"product-type-variable"},"_links":{"self":[{"href":"https:\/\/maisoncleo.com\/fr\/wp-json\/wp\/v2\/product\/393895","targetHints":{"allow":["GET"]}}],"collection":[{"href":"https:\/\/maisoncleo.com\/fr\/wp-json\/wp\/v2\/product"}],"about":[{"href":"https:\/\/maisoncleo.com\/fr\/wp-json\/wp\/v2\/types\/product"}],"version-history":[{"count":1,"href":"https:\/\/maisoncleo.com\/fr\/wp-json\/wp\/v2\/product\/393895\/revisions"}],"predecessor-version":[{"id":393937,"href":"https:\/\/maisoncleo.com\/fr\/wp-json\/wp\/v2\/product\/393895\/revisions\/393937"}],"wp:featuredmedia":[{"embeddable":true,"href":"https:\/\/maisoncleo.com\/fr\/wp-json\/wp\/v2\/media\/393921"}],"wp:attachment":[{"href":"https:\/\/maisoncleo.com\/fr\/wp-json\/wp\/v2\/media?parent=393895"}],"wp:term":[{"taxonomy":"product_brand","embeddable":true,"href":"https:\/\/maisoncleo.com\/fr\/wp-json\/wp\/v2\/product_brand?post=393895"},{"taxonomy":"product_cat","embeddable":true,"href":"https:\/\/maisoncleo.com\/fr\/wp-json\/wp\/v2\/product_cat?post=393895"},{"taxonomy":"product_tag","embeddable":true,"href":"https:\/\/maisoncleo.com\/fr\/wp-json\/wp\/v2\/product_tag?post=393895"}],"curies":[{"name":"wp","href":"https:\/\/api.w.org\/{rel}","templated":true}]}}