{"id":393748,"date":"2025-11-02T09:21:33","date_gmt":"2025-11-02T07:21:33","guid":{"rendered":"https:\/\/maisoncleo.com\/?post_type=product&#038;p=393748"},"modified":"2025-11-02T11:23:23","modified_gmt":"2025-11-02T09:23:23","slug":"jupe-teila-en-laine-a-carreaux-marron-camel-et-rose-copy-2","status":"publish","type":"product","link":"https:\/\/maisoncleo.com\/fr\/shop\/jupe-teila-en-laine-a-carreaux-marron-camel-et-rose-copy-2\/","title":{"rendered":"T-shirt pointelle beige crop manches longues"},"content":{"rendered":"<p>T-shirt pointelle beige crop manches longues, col arrondi, petit n\u0153ud sur le d\u00e9collet\u00e9. 100% jersey de coton. Longueur : 50 cm.<\/p>\n<p>La mod\u00e8le mesure 1,68m et porte une taille 42.<\/p>\n","protected":false},"excerpt":{"rendered":"<p>T-shirt pointelle beige crop manches longues, col arrondi, petit n\u0153ud sur le d\u00e9collet\u00e9. 100% jersey de coton. Longueur : 50 cm. La&hellip;<\/p>\n","protected":false},"featured_media":393769,"template":"","meta":[],"product_brand":[],"product_cat":[668,674,661],"product_tag":[],"class_list":{"0":"post-393748","1":"product","2":"type-product","3":"status-publish","4":"has-post-thumbnail","6":"product_cat-capsule","7":"product_cat-tops","8":"product_cat-tout-voir","10":"first","11":"instock","12":"taxable","13":"shipping-taxable","14":"purchasable","15":"product-type-variable"},"_links":{"self":[{"href":"https:\/\/maisoncleo.com\/fr\/wp-json\/wp\/v2\/product\/393748","targetHints":{"allow":["GET"]}}],"collection":[{"href":"https:\/\/maisoncleo.com\/fr\/wp-json\/wp\/v2\/product"}],"about":[{"href":"https:\/\/maisoncleo.com\/fr\/wp-json\/wp\/v2\/types\/product"}],"version-history":[{"count":1,"href":"https:\/\/maisoncleo.com\/fr\/wp-json\/wp\/v2\/product\/393748\/revisions"}],"predecessor-version":[{"id":393774,"href":"https:\/\/maisoncleo.com\/fr\/wp-json\/wp\/v2\/product\/393748\/revisions\/393774"}],"wp:featuredmedia":[{"embeddable":true,"href":"https:\/\/maisoncleo.com\/fr\/wp-json\/wp\/v2\/media\/393769"}],"wp:attachment":[{"href":"https:\/\/maisoncleo.com\/fr\/wp-json\/wp\/v2\/media?parent=393748"}],"wp:term":[{"taxonomy":"product_brand","embeddable":true,"href":"https:\/\/maisoncleo.com\/fr\/wp-json\/wp\/v2\/product_brand?post=393748"},{"taxonomy":"product_cat","embeddable":true,"href":"https:\/\/maisoncleo.com\/fr\/wp-json\/wp\/v2\/product_cat?post=393748"},{"taxonomy":"product_tag","embeddable":true,"href":"https:\/\/maisoncleo.com\/fr\/wp-json\/wp\/v2\/product_tag?post=393748"}],"curies":[{"name":"wp","href":"https:\/\/api.w.org\/{rel}","templated":true}]}}