{"id":393726,"date":"2025-11-02T09:13:29","date_gmt":"2025-11-02T07:13:29","guid":{"rendered":"https:\/\/maisoncleo.com\/?post_type=product&#038;p=393726"},"modified":"2025-11-02T11:21:50","modified_gmt":"2025-11-02T09:21:50","slug":"la-garnoule-jupe-teila-a-poils-courts-marron-velours-dore-copy-3","status":"publish","type":"product","link":"https:\/\/maisoncleo.com\/fr\/shop\/la-garnoule-jupe-teila-a-poils-courts-marron-velours-dore-copy-3\/","title":{"rendered":"Jupe TEILA en laine \u00e0 carreaux marron camel et rose"},"content":{"rendered":"<p><span style=\"font-weight: 400;\">Jupe trap\u00e8ze en laine \u00e0 carreaux.<\/span><\/p>\n<p><span style=\"font-weight: 400;\">Tons de marron camel et rose, fermeture \u00e9clair dans le dos.<\/span><\/p>\n<p><span style=\"font-weight: 400;\">100% laine.<\/span><\/p>\n<p><span style=\"font-weight: 400;\">Longueur : 37 cm. La mod\u00e8le mesure 1,68m et porte une taille 42.<\/span><\/p>\n","protected":false},"excerpt":{"rendered":"<p>Jupe trap\u00e8ze en laine \u00e0 carreaux. Tons de marron camel et rose, fermeture \u00e9clair dans le dos. 100% laine. Longueur : 37&hellip;<\/p>\n","protected":false},"featured_media":393668,"template":"","meta":[],"product_brand":[],"product_cat":[672,668,661],"product_tag":[],"class_list":{"0":"post-393726","1":"product","2":"type-product","3":"status-publish","4":"has-post-thumbnail","6":"product_cat-jupes","7":"product_cat-capsule","8":"product_cat-tout-voir","10":"first","11":"instock","12":"taxable","13":"shipping-taxable","14":"purchasable","15":"product-type-variable"},"_links":{"self":[{"href":"https:\/\/maisoncleo.com\/fr\/wp-json\/wp\/v2\/product\/393726","targetHints":{"allow":["GET"]}}],"collection":[{"href":"https:\/\/maisoncleo.com\/fr\/wp-json\/wp\/v2\/product"}],"about":[{"href":"https:\/\/maisoncleo.com\/fr\/wp-json\/wp\/v2\/types\/product"}],"version-history":[{"count":1,"href":"https:\/\/maisoncleo.com\/fr\/wp-json\/wp\/v2\/product\/393726\/revisions"}],"predecessor-version":[{"id":393740,"href":"https:\/\/maisoncleo.com\/fr\/wp-json\/wp\/v2\/product\/393726\/revisions\/393740"}],"wp:featuredmedia":[{"embeddable":true,"href":"https:\/\/maisoncleo.com\/fr\/wp-json\/wp\/v2\/media\/393668"}],"wp:attachment":[{"href":"https:\/\/maisoncleo.com\/fr\/wp-json\/wp\/v2\/media?parent=393726"}],"wp:term":[{"taxonomy":"product_brand","embeddable":true,"href":"https:\/\/maisoncleo.com\/fr\/wp-json\/wp\/v2\/product_brand?post=393726"},{"taxonomy":"product_cat","embeddable":true,"href":"https:\/\/maisoncleo.com\/fr\/wp-json\/wp\/v2\/product_cat?post=393726"},{"taxonomy":"product_tag","embeddable":true,"href":"https:\/\/maisoncleo.com\/fr\/wp-json\/wp\/v2\/product_tag?post=393726"}],"curies":[{"name":"wp","href":"https:\/\/api.w.org\/{rel}","templated":true}]}}