{"id":393518,"date":"2025-10-26T13:05:40","date_gmt":"2025-10-26T11:05:40","guid":{"rendered":"https:\/\/maisoncleo.com\/?post_type=product&#038;p=393518"},"modified":"2025-10-26T13:10:14","modified_gmt":"2025-10-26T11:10:14","slug":"collants-bleu-marine-a-carreaux-copy-2","status":"publish","type":"product","link":"https:\/\/maisoncleo.com\/fr\/shop\/collants-bleu-marine-a-carreaux-copy-2\/","title":{"rendered":"Collants marron \u00e0 carreaux"},"content":{"rendered":"<p>Collants marron \u00e0 carreaux.<\/p>\n<p>Sourc\u00e9s pour notre nouvelle collection automne hiver et port\u00e9s pour ce shooting.<\/p>\n<p>Pas d&rsquo;\u00e9tiquette de taille indiqu\u00e9e. Taille estim\u00e9e : Taille S.<\/p>\n<p>Les achats de collants sont finaux.<\/p>\n","protected":false},"excerpt":{"rendered":"<p>Collants marron \u00e0 carreaux. Sourc\u00e9s pour notre nouvelle collection automne hiver et port\u00e9s pour ce shooting. Pas d&rsquo;\u00e9tiquette de taille indiqu\u00e9e. Taille&hellip;<\/p>\n","protected":false},"featured_media":393521,"template":"","meta":[],"product_brand":[],"product_cat":[651,668,661],"product_tag":[],"class_list":{"0":"post-393518","1":"product","2":"type-product","3":"status-publish","4":"has-post-thumbnail","6":"product_cat-accessoires","7":"product_cat-capsule","8":"product_cat-tout-voir","10":"first","11":"outofstock","12":"taxable","13":"shipping-taxable","14":"purchasable","15":"product-type-variable"},"_links":{"self":[{"href":"https:\/\/maisoncleo.com\/fr\/wp-json\/wp\/v2\/product\/393518","targetHints":{"allow":["GET"]}}],"collection":[{"href":"https:\/\/maisoncleo.com\/fr\/wp-json\/wp\/v2\/product"}],"about":[{"href":"https:\/\/maisoncleo.com\/fr\/wp-json\/wp\/v2\/types\/product"}],"version-history":[{"count":2,"href":"https:\/\/maisoncleo.com\/fr\/wp-json\/wp\/v2\/product\/393518\/revisions"}],"predecessor-version":[{"id":393527,"href":"https:\/\/maisoncleo.com\/fr\/wp-json\/wp\/v2\/product\/393518\/revisions\/393527"}],"wp:featuredmedia":[{"embeddable":true,"href":"https:\/\/maisoncleo.com\/fr\/wp-json\/wp\/v2\/media\/393521"}],"wp:attachment":[{"href":"https:\/\/maisoncleo.com\/fr\/wp-json\/wp\/v2\/media?parent=393518"}],"wp:term":[{"taxonomy":"product_brand","embeddable":true,"href":"https:\/\/maisoncleo.com\/fr\/wp-json\/wp\/v2\/product_brand?post=393518"},{"taxonomy":"product_cat","embeddable":true,"href":"https:\/\/maisoncleo.com\/fr\/wp-json\/wp\/v2\/product_cat?post=393518"},{"taxonomy":"product_tag","embeddable":true,"href":"https:\/\/maisoncleo.com\/fr\/wp-json\/wp\/v2\/product_tag?post=393518"}],"curies":[{"name":"wp","href":"https:\/\/api.w.org\/{rel}","templated":true}]}}