{"id":393506,"date":"2025-10-26T12:56:06","date_gmt":"2025-10-26T10:56:06","guid":{"rendered":"https:\/\/maisoncleo.com\/?post_type=product&#038;p=393506"},"modified":"2025-10-26T13:00:44","modified_gmt":"2025-10-26T11:00:44","slug":"collants-bleu-marine-a-carreaux-copy","status":"publish","type":"product","link":"https:\/\/maisoncleo.com\/fr\/shop\/collants-bleu-marine-a-carreaux-copy\/","title":{"rendered":"Collants gris et blanc \u00e0 rayures et \u00e0 carreaux"},"content":{"rendered":"<p>Collants gris et blanc \u00e0 rayures et \u00e0 carreaux .<\/p>\n<p>Sourc\u00e9s pour notre nouvelle collection automne hiver et port\u00e9s pour ce shooting.<\/p>\n<p>Pas d&rsquo;\u00e9tiquette de taille indiqu\u00e9e. Taille estim\u00e9e : Taille S.<\/p>\n<p>Les achats de collants sont finaux.<\/p>\n","protected":false},"excerpt":{"rendered":"<p>Collants gris et blanc \u00e0 rayures et \u00e0 carreaux . Sourc\u00e9s pour notre nouvelle collection automne hiver et port\u00e9s pour ce shooting.&hellip;<\/p>\n","protected":false},"featured_media":393509,"template":"","meta":[],"product_brand":[],"product_cat":[651,668,661],"product_tag":[],"class_list":{"0":"post-393506","1":"product","2":"type-product","3":"status-publish","4":"has-post-thumbnail","6":"product_cat-accessoires","7":"product_cat-capsule","8":"product_cat-tout-voir","10":"first","11":"outofstock","12":"taxable","13":"shipping-taxable","14":"purchasable","15":"product-type-variable"},"_links":{"self":[{"href":"https:\/\/maisoncleo.com\/fr\/wp-json\/wp\/v2\/product\/393506","targetHints":{"allow":["GET"]}}],"collection":[{"href":"https:\/\/maisoncleo.com\/fr\/wp-json\/wp\/v2\/product"}],"about":[{"href":"https:\/\/maisoncleo.com\/fr\/wp-json\/wp\/v2\/types\/product"}],"version-history":[{"count":2,"href":"https:\/\/maisoncleo.com\/fr\/wp-json\/wp\/v2\/product\/393506\/revisions"}],"predecessor-version":[{"id":393515,"href":"https:\/\/maisoncleo.com\/fr\/wp-json\/wp\/v2\/product\/393506\/revisions\/393515"}],"wp:featuredmedia":[{"embeddable":true,"href":"https:\/\/maisoncleo.com\/fr\/wp-json\/wp\/v2\/media\/393509"}],"wp:attachment":[{"href":"https:\/\/maisoncleo.com\/fr\/wp-json\/wp\/v2\/media?parent=393506"}],"wp:term":[{"taxonomy":"product_brand","embeddable":true,"href":"https:\/\/maisoncleo.com\/fr\/wp-json\/wp\/v2\/product_brand?post=393506"},{"taxonomy":"product_cat","embeddable":true,"href":"https:\/\/maisoncleo.com\/fr\/wp-json\/wp\/v2\/product_cat?post=393506"},{"taxonomy":"product_tag","embeddable":true,"href":"https:\/\/maisoncleo.com\/fr\/wp-json\/wp\/v2\/product_tag?post=393506"}],"curies":[{"name":"wp","href":"https:\/\/api.w.org\/{rel}","templated":true}]}}