{"id":393123,"date":"2025-09-21T18:35:01","date_gmt":"2025-09-21T16:35:01","guid":{"rendered":"https:\/\/maisoncleo.com\/?post_type=product&#038;p=393123"},"modified":"2025-09-21T18:51:41","modified_gmt":"2025-09-21T16:51:41","slug":"la-garnoule-t-shirt-pointelle-beige-manches-mi-longues-copy","status":"publish","type":"product","link":"https:\/\/maisoncleo.com\/fr\/shop\/la-garnoule-t-shirt-pointelle-beige-manches-mi-longues-copy\/","title":{"rendered":"LA GARNOULE &#8211; T-shirt pointelle beige manches longues"},"content":{"rendered":"<p><span style=\"font-weight: 400;\">T-shirt pointelle beige manches longues, col arrondi, petit n\u0153ud sur le d\u00e9collet\u00e9. 100% jersey de coton. Longueur : 60 cm.<\/span><\/p>\n<p><span style=\"font-weight: 400;\">La mod\u00e8le mesure 1,75m et porte une taille 38.<\/span><\/p>\n<p>LOOK de notre collection automne hiver \u201cLA GARNOULE\u201d.<\/p>\n","protected":false},"excerpt":{"rendered":"<p>T-shirt pointelle beige manches longues, col arrondi, petit n\u0153ud sur le d\u00e9collet\u00e9. 100% jersey de coton. Longueur : 60 cm. La mod\u00e8le&hellip;<\/p>\n","protected":false},"featured_media":393099,"template":"","meta":[],"product_brand":[],"product_cat":[668,674,661],"product_tag":[],"class_list":{"0":"post-393123","1":"product","2":"type-product","3":"status-publish","4":"has-post-thumbnail","6":"product_cat-capsule","7":"product_cat-tops","8":"product_cat-tout-voir","10":"first","11":"instock","12":"taxable","13":"shipping-taxable","14":"purchasable","15":"product-type-variable"},"_links":{"self":[{"href":"https:\/\/maisoncleo.com\/fr\/wp-json\/wp\/v2\/product\/393123","targetHints":{"allow":["GET"]}}],"collection":[{"href":"https:\/\/maisoncleo.com\/fr\/wp-json\/wp\/v2\/product"}],"about":[{"href":"https:\/\/maisoncleo.com\/fr\/wp-json\/wp\/v2\/types\/product"}],"version-history":[{"count":1,"href":"https:\/\/maisoncleo.com\/fr\/wp-json\/wp\/v2\/product\/393123\/revisions"}],"predecessor-version":[{"id":393137,"href":"https:\/\/maisoncleo.com\/fr\/wp-json\/wp\/v2\/product\/393123\/revisions\/393137"}],"wp:featuredmedia":[{"embeddable":true,"href":"https:\/\/maisoncleo.com\/fr\/wp-json\/wp\/v2\/media\/393099"}],"wp:attachment":[{"href":"https:\/\/maisoncleo.com\/fr\/wp-json\/wp\/v2\/media?parent=393123"}],"wp:term":[{"taxonomy":"product_brand","embeddable":true,"href":"https:\/\/maisoncleo.com\/fr\/wp-json\/wp\/v2\/product_brand?post=393123"},{"taxonomy":"product_cat","embeddable":true,"href":"https:\/\/maisoncleo.com\/fr\/wp-json\/wp\/v2\/product_cat?post=393123"},{"taxonomy":"product_tag","embeddable":true,"href":"https:\/\/maisoncleo.com\/fr\/wp-json\/wp\/v2\/product_tag?post=393123"}],"curies":[{"name":"wp","href":"https:\/\/api.w.org\/{rel}","templated":true}]}}