{"id":393027,"date":"2025-09-21T18:22:10","date_gmt":"2025-09-21T16:22:10","guid":{"rendered":"https:\/\/maisoncleo.com\/?post_type=product&#038;p=393027"},"modified":"2025-09-21T18:51:12","modified_gmt":"2025-09-21T16:51:12","slug":"la-garnoule-robe-babydoll-plissee-en-coton-noir-copy","status":"publish","type":"product","link":"https:\/\/maisoncleo.com\/fr\/shop\/la-garnoule-robe-babydoll-plissee-en-coton-noir-copy\/","title":{"rendered":"LA GARNOULE &#8211; Robe Morane en soie tigr\u00e9e noire et marron"},"content":{"rendered":"<p><span style=\"font-weight: 400;\">Notre robe Morane en version satin de soie tigr\u00e9e marron et noire. <\/span><span style=\"font-weight: 400;\">Manches courtes bouffantes \u00e9lastiques, d\u00e9collet\u00e9 montant se fermant avec un lien dans le haut du d\u00e9collet\u00e9, d\u00e9coupe au niveau de la poitrine. Coupe ajust\u00e9e et fluide dans le bas avec une finition traditionnelle en point bourdon. Fermeture \u00e9clair invisible sur le c\u00f4t\u00e9. 100% soie. Longueur : 129 cm.<\/span><\/p>\n<p><span style=\"font-weight: 400;\">La mod\u00e8le mesure 1,75m et porte une taille 38.<\/span><\/p>\n<p><span style=\"font-weight: 400;\">Comme tout est fabriqu\u00e9 \u00e0 la commande, vous pouvez demander la longueur que vous souhaitez.<\/span><\/p>\n<p>LOOK de notre collection automne hiver \u201cLA GARNOULE\u201d.<\/p>\n","protected":false},"excerpt":{"rendered":"<p>Notre robe Morane en version satin de soie tigr\u00e9e marron et noire. Manches courtes bouffantes \u00e9lastiques, d\u00e9collet\u00e9 montant se fermant avec un&hellip;<\/p>\n","protected":false},"featured_media":393043,"template":"","meta":[],"product_brand":[],"product_cat":[668,664,661],"product_tag":[],"class_list":{"0":"post-393027","1":"product","2":"type-product","3":"status-publish","4":"has-post-thumbnail","6":"product_cat-capsule","7":"product_cat-robes","8":"product_cat-tout-voir","10":"first","11":"instock","12":"taxable","13":"shipping-taxable","14":"purchasable","15":"product-type-variable"},"_links":{"self":[{"href":"https:\/\/maisoncleo.com\/fr\/wp-json\/wp\/v2\/product\/393027","targetHints":{"allow":["GET"]}}],"collection":[{"href":"https:\/\/maisoncleo.com\/fr\/wp-json\/wp\/v2\/product"}],"about":[{"href":"https:\/\/maisoncleo.com\/fr\/wp-json\/wp\/v2\/types\/product"}],"version-history":[{"count":1,"href":"https:\/\/maisoncleo.com\/fr\/wp-json\/wp\/v2\/product\/393027\/revisions"}],"predecessor-version":[{"id":393041,"href":"https:\/\/maisoncleo.com\/fr\/wp-json\/wp\/v2\/product\/393027\/revisions\/393041"}],"wp:featuredmedia":[{"embeddable":true,"href":"https:\/\/maisoncleo.com\/fr\/wp-json\/wp\/v2\/media\/393043"}],"wp:attachment":[{"href":"https:\/\/maisoncleo.com\/fr\/wp-json\/wp\/v2\/media?parent=393027"}],"wp:term":[{"taxonomy":"product_brand","embeddable":true,"href":"https:\/\/maisoncleo.com\/fr\/wp-json\/wp\/v2\/product_brand?post=393027"},{"taxonomy":"product_cat","embeddable":true,"href":"https:\/\/maisoncleo.com\/fr\/wp-json\/wp\/v2\/product_cat?post=393027"},{"taxonomy":"product_tag","embeddable":true,"href":"https:\/\/maisoncleo.com\/fr\/wp-json\/wp\/v2\/product_tag?post=393027"}],"curies":[{"name":"wp","href":"https:\/\/api.w.org\/{rel}","templated":true}]}}